{"id":600,"date":"2023-06-13T14:14:15","date_gmt":"2023-06-13T11:14:15","guid":{"rendered":"http:\/\/meduluxhealth.com\/fr\/?page_id=600"},"modified":"2023-09-18T14:19:46","modified_gmt":"2023-09-18T11:19:46","slug":"urology","status":"publish","type":"page","link":"https:\/\/meduluxhealth.com\/fr\/medical-services\/urology\/","title":{"rendered":"Urologie"},"content":{"rendered":"\t\t<div data-elementor-type=\"wp-page\" data-elementor-id=\"600\" class=\"elementor elementor-600\" data-elementor-post-type=\"page\">\n\t\t\t\t\t\t<section class=\"elementor-section elementor-top-section elementor-element elementor-element-9fba56a elementor-section-boxed elementor-section-height-default elementor-section-height-default\" data-id=\"9fba56a\" data-element_type=\"section\" data-e-type=\"section\">\n\t\t\t\t\t\t<div class=\"elementor-container elementor-column-gap-default\">\n\t\t\t\t\t<div class=\"elementor-column elementor-col-100 elementor-top-column elementor-element elementor-element-a32739f\" data-id=\"a32739f\" data-element_type=\"column\" data-e-type=\"column\">\n\t\t\t<div class=\"elementor-widget-wrap elementor-element-populated\">\n\t\t\t\t\t\t<div class=\"elementor-element elementor-element-266c0e3 elementor-widget elementor-widget-ucaddon_post_grid\" data-id=\"266c0e3\" data-element_type=\"widget\" data-e-type=\"widget\" data-widget_type=\"ucaddon_post_grid.default\">\n\t\t\t\t<div class=\"elementor-widget-container\">\n\t\t\t\t\t\n<!-- start Post Grid -->\n\t\t<link id='font-awesome-css' href='https:\/\/meduluxhealth.com\/fr\/wp-content\/plugins\/unlimited-elements-for-elementor-premium\/assets_libraries\/font-awesome6\/fontawesome-all.min.css' type='text\/css' rel='stylesheet' >\n\t\t<link id='font-awesome-4-shim-css' href='https:\/\/meduluxhealth.com\/fr\/wp-content\/plugins\/unlimited-elements-for-elementor-premium\/assets_libraries\/font-awesome6\/fontawesome-v4-shims.min.css' type='text\/css' rel='stylesheet' >\n\n<style>\/* widget: Post Grid *\/\n\n\n\n#uc_post_grid_elementor_266c0e3.uc_post_grid_style_one .uc_post_grid_style_one_wrap {\n   display:grid;\n}\n\n\n#uc_post_grid_elementor_266c0e3 .uc_post_grid_style_one_item\n{\n  position:relative;\n}\n\n#uc_post_grid_elementor_266c0e3 .uc_post_image\n{\n  transition:0.3s;\n  position:relative;\n  overflow:hidden;\n}\n\n#uc_post_grid_elementor_266c0e3 .uc_post_image img\n{\n  width:100%;\n  display:block;\n  transition:0.3s;\n}\n\n\n\t\n\n\n\n\n\n\n#uc_post_grid_elementor_266c0e3 .uc_post_image_overlay\n{\n  position:absolute;\n  top:0px;\n  left:0px;\n  height:100%;\n  width:100%;\n  transition:0.3s;\n}\n\n#uc_post_grid_elementor_266c0e3 .uc_more_btn{\n\n  display:inline-block;\n  text-align:center;\n  text-decoration:none;\n  transition:0.3s;\n}\n\n.ue-grid-item-category a\n{\n  display:inline-block;\n  font-size:10px;\n  \n}\n\n.uc_post_title\n{\n  font-size:21px;\n}\n\n\n#uc_post_grid_elementor_266c0e3 .ue_post_grid_item\n{\n  display:flex;\n  flex-direction:column;\n}\n\n#uc_post_grid_elementor_266c0e3.uc_post_grid_style_one .uc_content{\n flex-grow:1;\n}\n\n#uc_post_grid_elementor_266c0e3.uc_post_grid_style_one .uc_content > div\n{\n  height:100%;\n  display:flex;\n  flex-direction:column;\n}\n\n#uc_post_grid_elementor_266c0e3 .uc_post_button\n{\n  margin-top:auto;\n}\n\n\n\n\n\n\n\n\n\n\n\n\n\n\n\n\n\n\n\n\n\n\n\n\n#uc_post_grid_elementor_266c0e3 .ue-meta-data\n{\n  \n  display:flex;\n\n  flex-wrap: wrap;\n  line-height:1em;\n}\n\n#uc_post_grid_elementor_266c0e3 .ue-grid-item-meta-data\n{\n      display:inline-flex;\n      align-items:center;\n}\n\n#uc_post_grid_elementor_266c0e3 .ue-grid-item-meta-data a{\n  color:inherit;\n}\n\n.ue-grid-item-meta-data\n{\n  font-size:12px;\n}\n\n#uc_post_grid_elementor_266c0e3 .ue-grid-item-meta-data-icon\n{\n  line-height:1em;\n}\n\n#uc_post_grid_elementor_266c0e3 .ue-grid-item-meta-data-icon svg\n{\n  width:1em;\n  height:1em;\n}\n\n#uc_post_grid_elementor_266c0e3 .ue-debug-meta\n{\n  padding:10px;\n  border:1px solid red;\n  position:relative;\n  line-height:1.5em;\n  font-size:11px;\n  width:100%;\n}\n\n#uc_post_grid_elementor_266c0e3 .uc_btn_inner\n{\n  display:inline-flex;\n  align-items:center;\n}\n\n#uc_post_grid_elementor_266c0e3 .uc_btn_inner svg\n{\n  width:1em;\n  height:1em;\n}\n\n\n\n\n\n\n\n\n<\/style>\n\n<div class=\"uc_post_grid_style_one \" id=\"uc_post_grid_elementor_266c0e3\"  >\n\t\t<div class=\"uc_post_grid_style_one_wrap ue_post_grid uc-items-wrapper\">\n\t\t\t<div id=\"uc_post_grid_elementor_266c0e3_item1\" class=\"uc_post_grid_style_one_item ue_post_grid_item ue-item \">\n  \n      <a class=\"uc_post_grid_style_one_image \" href='https:\/\/meduluxhealth.com\/fr\/medical-services\/urology\/endoscopic-ureterolitotripsia\/' target=\"_self\">\n     <div class=\"uc_post_image\">\n     <img fetchpriority=\"high\" decoding=\"async\" src=\"https:\/\/meduluxhealth.com\/fr\/wp-content\/uploads\/sites\/4\/2023\/06\/endoscopic-ureterolithotripsy-768x513.webp\"  src=\"https:\/\/meduluxhealth.com\/fr\/wp-content\/uploads\/sites\/4\/2023\/06\/endoscopic-ureterolithotripsy-768x513.webp\" alt=\"endoscopic-ureterolithotripsy\" width=\"768\" height=\"513\">\n     <div class=\"uc_post_image_overlay\"><\/div>\n     <\/div>\n    <\/a>\n   \n  <div class=\"uc_content\">\n    <div>\n      \n             \n    \t        \t\t\t<div class=\"uc_post_title\"><a class=\"\" href='https:\/\/meduluxhealth.com\/fr\/medical-services\/urology\/endoscopic-ureterolitotripsia\/' target=\"_self\"><div class=\"ue_p_title\">Ur\u00e9terolithotripsie endoscopique<\/div><\/a><\/div>\n      \t  \t\n\t\t  \n      \t  <div class=\"ue-meta-data\">\n                        \n                        \n        \n\t\t\t\n                        \n                        \n                        \n                        \n            \t\t\t\n              \n            \n          <\/div>\n     \n     <div class=\"uc_post_text\">Endoscopic Ureterolithotripsy: Traitement Minimalement Invasif des Calculs Ur\u00e9t\u00e9rauxIntroductionL'ur\u00e9t\u00e9rolithotripsie...<\/div>          <div class=\"uc_post_button\">\n        <a class=\"uc_more_btn \" href=\"https:\/\/meduluxhealth.com\/fr\/medical-services\/urology\/endoscopic-ureterolitotripsia\/\" target=\"_self\" href='https:\/\/meduluxhealth.com\/fr\/medical-services\/urology\/endoscopic-ureterolitotripsia\/'>\n          <div class=\"uc_btn_inner\">\n            <div class=\"uc_btn_txt\">Lire la suite<\/div>\n                      <\/div>\n      <\/a>\n      <\/div> \t<\/div>\n  <\/div>\n<\/div>\n<div id=\"uc_post_grid_elementor_266c0e3_item2\" class=\"uc_post_grid_style_one_item ue_post_grid_item ue-item \">\n  \n      <a class=\"uc_post_grid_style_one_image \" href='https:\/\/meduluxhealth.com\/fr\/medical-services\/urology\/cystoscopy\/' target=\"_self\">\n     <div class=\"uc_post_image\">\n     <img decoding=\"async\" src=\"https:\/\/meduluxhealth.com\/fr\/wp-content\/uploads\/sites\/4\/2023\/06\/cystoscopy-768x511.webp\"  src=\"https:\/\/meduluxhealth.com\/fr\/wp-content\/uploads\/sites\/4\/2023\/06\/cystoscopy-768x511.webp\" alt=\"cystoscopy\" width=\"768\" height=\"511\">\n     <div class=\"uc_post_image_overlay\"><\/div>\n     <\/div>\n    <\/a>\n   \n  <div class=\"uc_content\">\n    <div>\n      \n             \n    \t        \t\t\t<div class=\"uc_post_title\"><a class=\"\" href='https:\/\/meduluxhealth.com\/fr\/medical-services\/urology\/cystoscopy\/' target=\"_self\"><div class=\"ue_p_title\">Cystoscopie<\/div><\/a><\/div>\n      \t  \t\n\t\t  \n      \t  <div class=\"ue-meta-data\">\n                        \n                        \n        \n\t\t\t\n                        \n                        \n                        \n                        \n            \t\t\t\n              \n            \n          <\/div>\n     \n     <div class=\"uc_post_text\">Cystoscopie : Exploration de la Proc\u00e9dure de Diagnostic pour l'\u00c9valuation des Voies UrinairesIntroductionLa...<\/div>          <div class=\"uc_post_button\">\n        <a class=\"uc_more_btn \" href=\"https:\/\/meduluxhealth.com\/fr\/medical-services\/urology\/cystoscopy\/\" target=\"_self\" href='https:\/\/meduluxhealth.com\/fr\/medical-services\/urology\/cystoscopy\/'>\n          <div class=\"uc_btn_inner\">\n            <div class=\"uc_btn_txt\">Lire la suite<\/div>\n                      <\/div>\n      <\/a>\n      <\/div> \t<\/div>\n  <\/div>\n<\/div>\n<div id=\"uc_post_grid_elementor_266c0e3_item3\" class=\"uc_post_grid_style_one_item ue_post_grid_item ue-item \">\n  \n      <a class=\"uc_post_grid_style_one_image \" href='https:\/\/meduluxhealth.com\/fr\/medical-services\/urology\/andrology\/' target=\"_self\">\n     <div class=\"uc_post_image\">\n     <img decoding=\"async\" src=\"https:\/\/meduluxhealth.com\/fr\/wp-content\/uploads\/sites\/4\/2023\/06\/andrology-768x430.webp\"  src=\"https:\/\/meduluxhealth.com\/fr\/wp-content\/uploads\/sites\/4\/2023\/06\/andrology-768x430.webp\" alt=\"andrology\" width=\"768\" height=\"430\">\n     <div class=\"uc_post_image_overlay\"><\/div>\n     <\/div>\n    <\/a>\n   \n  <div class=\"uc_content\">\n    <div>\n      \n             \n    \t        \t\t\t<div class=\"uc_post_title\"><a class=\"\" href='https:\/\/meduluxhealth.com\/fr\/medical-services\/urology\/andrology\/' target=\"_self\"><div class=\"ue_p_title\">Andrologie<\/div><\/a><\/div>\n      \t  \t\n\t\t  \n      \t  <div class=\"ue-meta-data\">\n                        \n                        \n        \n\t\t\t\n                        \n                        \n                        \n                        \n            \t\t\t\n              \n            \n          <\/div>\n     \n     <div class=\"uc_post_text\">Andrologie : Comprendre la sant\u00e9 et la m\u00e9decine de la reproduction masculine\nIntroduction\nL'andrologie...<\/div>          <div class=\"uc_post_button\">\n        <a class=\"uc_more_btn \" href=\"https:\/\/meduluxhealth.com\/fr\/medical-services\/urology\/andrology\/\" target=\"_self\" href='https:\/\/meduluxhealth.com\/fr\/medical-services\/urology\/andrology\/'>\n          <div class=\"uc_btn_inner\">\n            <div class=\"uc_btn_txt\">Lire la suite<\/div>\n                      <\/div>\n      <\/a>\n      <\/div> \t<\/div>\n  <\/div>\n<\/div>\n<div id=\"uc_post_grid_elementor_266c0e3_item4\" class=\"uc_post_grid_style_one_item ue_post_grid_item ue-item \">\n  \n      <a class=\"uc_post_grid_style_one_image \" href='https:\/\/meduluxhealth.com\/fr\/medical-services\/urology\/penis-reconstruction\/' target=\"_self\">\n     <div class=\"uc_post_image\">\n     <img loading=\"lazy\" decoding=\"async\" src=\"https:\/\/meduluxhealth.com\/fr\/wp-content\/uploads\/sites\/4\/2023\/06\/penis-reconstruction-768x512.webp\"  src=\"https:\/\/meduluxhealth.com\/fr\/wp-content\/uploads\/sites\/4\/2023\/06\/penis-reconstruction-768x512.webp\" alt=\"penis-reconstruction\" width=\"768\" height=\"512\">\n     <div class=\"uc_post_image_overlay\"><\/div>\n     <\/div>\n    <\/a>\n   \n  <div class=\"uc_content\">\n    <div>\n      \n             \n    \t        \t\t\t<div class=\"uc_post_title\"><a class=\"\" href='https:\/\/meduluxhealth.com\/fr\/medical-services\/urology\/penis-reconstruction\/' target=\"_self\"><div class=\"ue_p_title\">Reconstruction du P\u00e9nis<\/div><\/a><\/div>\n      \t  \t\n\t\t  \n      \t  <div class=\"ue-meta-data\">\n                        \n                        \n        \n\t\t\t\n                        \n                        \n                        \n                        \n            \t\t\t\n              \n            \n          <\/div>\n     \n     <div class=\"uc_post_text\">Penis Reconstructive Chirurgie: Restauration de la Forme et de la FonctionIntroductionLa chirurgie reconstructrice...<\/div>          <div class=\"uc_post_button\">\n        <a class=\"uc_more_btn \" href=\"https:\/\/meduluxhealth.com\/fr\/medical-services\/urology\/penis-reconstruction\/\" target=\"_self\" href='https:\/\/meduluxhealth.com\/fr\/medical-services\/urology\/penis-reconstruction\/'>\n          <div class=\"uc_btn_inner\">\n            <div class=\"uc_btn_txt\">Lire la suite<\/div>\n                      <\/div>\n      <\/a>\n      <\/div> \t<\/div>\n  <\/div>\n<\/div>\n<div id=\"uc_post_grid_elementor_266c0e3_item5\" class=\"uc_post_grid_style_one_item ue_post_grid_item ue-item \">\n  \n      <a class=\"uc_post_grid_style_one_image \" href='https:\/\/meduluxhealth.com\/fr\/medical-services\/urology\/prostate-surgery\/' target=\"_self\">\n     <div class=\"uc_post_image\">\n     <img loading=\"lazy\" decoding=\"async\" src=\"https:\/\/meduluxhealth.com\/fr\/wp-content\/uploads\/sites\/4\/2023\/06\/prostate-surgery-768x513.webp\"  src=\"https:\/\/meduluxhealth.com\/fr\/wp-content\/uploads\/sites\/4\/2023\/06\/prostate-surgery-768x513.webp\" alt=\"prostate-surgery\" width=\"768\" height=\"513\">\n     <div class=\"uc_post_image_overlay\"><\/div>\n     <\/div>\n    <\/a>\n   \n  <div class=\"uc_content\">\n    <div>\n      \n             \n    \t        \t\t\t<div class=\"uc_post_title\"><a class=\"\" href='https:\/\/meduluxhealth.com\/fr\/medical-services\/urology\/prostate-surgery\/' target=\"_self\"><div class=\"ue_p_title\">Chirurgie de la Prostate<\/div><\/a><\/div>\n      \t  \t\n\t\t  \n      \t  <div class=\"ue-meta-data\">\n                        \n                        \n        \n\t\t\t\n                        \n                        \n                        \n                        \n            \t\t\t\n              \n            \n          <\/div>\n     \n     <div class=\"uc_post_text\">La Chirurgie de la Prostate : Traitement des Affections Prostatiques et Restauration de la Sant\u00e9IntroductionLa...<\/div>          <div class=\"uc_post_button\">\n        <a class=\"uc_more_btn \" href=\"https:\/\/meduluxhealth.com\/fr\/medical-services\/urology\/prostate-surgery\/\" target=\"_self\" href='https:\/\/meduluxhealth.com\/fr\/medical-services\/urology\/prostate-surgery\/'>\n          <div class=\"uc_btn_inner\">\n            <div class=\"uc_btn_txt\">Lire la suite<\/div>\n                      <\/div>\n      <\/a>\n      <\/div> \t<\/div>\n  <\/div>\n<\/div>\n\n\t\t<\/div>\n\t<\/div>\n\n\n\n  <div id=\"uc_post_grid_elementor_266c0e3_empty_message\" class=\"ue-no-posts-found\"  style=\"display:none\" >No posts found<\/div>\n\n\n<!-- end Post Grid -->\t\t\t\t<\/div>\n\t\t\t\t<\/div>\n\t\t\t\t<div class=\"elementor-element elementor-element-83258d5 elementor-widget elementor-widget-spacer\" data-id=\"83258d5\" data-element_type=\"widget\" data-e-type=\"widget\" data-widget_type=\"spacer.default\">\n\t\t\t\t\t\t\t<div class=\"elementor-spacer\">\n\t\t\t<div class=\"elementor-spacer-inner\"><\/div>\n\t\t<\/div>\n\t\t\t\t\t\t<\/div>\n\t\t\t\t\t<\/div>\n\t\t<\/div>\n\t\t\t\t\t<\/div>\n\t\t<\/section>\n\t\t\t\t<\/div>\n\t\t","protected":false},"excerpt":{"rendered":"<p>Ur\u00e9terolithotripsie endoscopique Endoscopic Ureterolithotripsy: Traitement Minimalement Invasif des Calculs Ur\u00e9t\u00e9rauxIntroductionL&#8217;ur\u00e9t\u00e9rolithotripsie&#8230; Lire la suite Cystoscopie Cystoscopie : Exploration de la Proc\u00e9dure de Diagnostic pour l&#8217;\u00c9valuation des Voies UrinairesIntroductionLa&#8230; Lire la suite Andrologie Andrologie : Comprendre la sant\u00e9 et la m\u00e9decine de la reproduction masculine Introduction L&#8217;andrologie&#8230; Lire la suite Reconstruction du P\u00e9nis Penis Reconstructive Chirurgie: Restauration [&hellip;]<\/p>\n","protected":false},"author":1,"featured_media":2113,"parent":459,"menu_order":0,"comment_status":"closed","ping_status":"closed","template":"","meta":{"footnotes":""},"class_list":["post-600","page","type-page","status-publish","has-post-thumbnail","hentry"],"yoast_head":"<!-- This site is optimized with the Yoast SEO plugin v27.4 - https:\/\/yoast.com\/product\/yoast-seo-wordpress\/ -->\n<title>Urologie - Medulux Health FR<\/title>\n<meta name=\"description\" content=\"Endoscopic Ureterolitotripsia, Cystoscopy, Andrology, Penis Reconstruction, Prostate Surgery...\" \/>\n<meta name=\"robots\" content=\"index, follow, max-snippet:-1, max-image-preview:large, max-video-preview:-1\" \/>\n<link rel=\"canonical\" href=\"https:\/\/meduluxhealth.com\/fr\/medical-services\/urology\/\" \/>\n<meta property=\"og:locale\" content=\"en_US\" \/>\n<meta property=\"og:type\" content=\"article\" \/>\n<meta property=\"og:title\" content=\"Urologie - Medulux Health FR\" \/>\n<meta property=\"og:description\" content=\"Endoscopic Ureterolitotripsia, Cystoscopy, Andrology, Penis Reconstruction, Prostate Surgery...\" \/>\n<meta property=\"og:url\" content=\"https:\/\/meduluxhealth.com\/fr\/medical-services\/urology\/\" \/>\n<meta property=\"og:site_name\" content=\"Medulux Health FR\" \/>\n<meta property=\"article:publisher\" content=\"https:\/\/www.facebook.com\/meduluxhealth\" \/>\n<meta property=\"article:modified_time\" content=\"2023-09-18T11:19:46+00:00\" \/>\n<meta property=\"og:image\" content=\"https:\/\/meduluxhealth.com\/fr\/wp-content\/uploads\/sites\/4\/2023\/06\/penis-reconstruction.webp\" \/>\n\t<meta property=\"og:image:width\" content=\"1920\" \/>\n\t<meta property=\"og:image:height\" content=\"1280\" \/>\n\t<meta property=\"og:image:type\" content=\"image\/webp\" \/>\n<meta name=\"twitter:card\" content=\"summary_large_image\" \/>\n<meta name=\"twitter:label1\" content=\"Est. reading time\" \/>\n\t<meta name=\"twitter:data1\" content=\"2 minutes\" \/>\n<script type=\"application\/ld+json\" class=\"yoast-schema-graph\">{\"@context\":\"https:\\\/\\\/schema.org\",\"@graph\":[{\"@type\":\"WebPage\",\"@id\":\"https:\\\/\\\/meduluxhealth.com\\\/fr\\\/medical-services\\\/urology\\\/\",\"url\":\"https:\\\/\\\/meduluxhealth.com\\\/fr\\\/medical-services\\\/urology\\\/\",\"name\":\"Urologie - Medulux Health FR\",\"isPartOf\":{\"@id\":\"https:\\\/\\\/meduluxhealth.com\\\/fr\\\/#website\"},\"primaryImageOfPage\":{\"@id\":\"https:\\\/\\\/meduluxhealth.com\\\/fr\\\/medical-services\\\/urology\\\/#primaryimage\"},\"image\":{\"@id\":\"https:\\\/\\\/meduluxhealth.com\\\/fr\\\/medical-services\\\/urology\\\/#primaryimage\"},\"thumbnailUrl\":\"https:\\\/\\\/meduluxhealth.com\\\/fr\\\/wp-content\\\/uploads\\\/sites\\\/4\\\/2023\\\/06\\\/penis-reconstruction.webp\",\"datePublished\":\"2023-06-13T11:14:15+00:00\",\"dateModified\":\"2023-09-18T11:19:46+00:00\",\"description\":\"Endoscopic Ureterolitotripsia, Cystoscopy, Andrology, Penis Reconstruction, Prostate Surgery...\",\"breadcrumb\":{\"@id\":\"https:\\\/\\\/meduluxhealth.com\\\/fr\\\/medical-services\\\/urology\\\/#breadcrumb\"},\"inLanguage\":\"en-US\",\"potentialAction\":[{\"@type\":\"ReadAction\",\"target\":[\"https:\\\/\\\/meduluxhealth.com\\\/fr\\\/medical-services\\\/urology\\\/\"]}]},{\"@type\":\"ImageObject\",\"inLanguage\":\"en-US\",\"@id\":\"https:\\\/\\\/meduluxhealth.com\\\/fr\\\/medical-services\\\/urology\\\/#primaryimage\",\"url\":\"https:\\\/\\\/meduluxhealth.com\\\/fr\\\/wp-content\\\/uploads\\\/sites\\\/4\\\/2023\\\/06\\\/penis-reconstruction.webp\",\"contentUrl\":\"https:\\\/\\\/meduluxhealth.com\\\/fr\\\/wp-content\\\/uploads\\\/sites\\\/4\\\/2023\\\/06\\\/penis-reconstruction.webp\",\"width\":1920,\"height\":1280,\"caption\":\"penis-reconstruction\"},{\"@type\":\"BreadcrumbList\",\"@id\":\"https:\\\/\\\/meduluxhealth.com\\\/fr\\\/medical-services\\\/urology\\\/#breadcrumb\",\"itemListElement\":[{\"@type\":\"ListItem\",\"position\":1,\"name\":\"Accueil\",\"item\":\"https:\\\/\\\/meduluxhealth.com\\\/fr\\\/\"},{\"@type\":\"ListItem\",\"position\":2,\"name\":\"Services M\u00e9dicaux\",\"item\":\"https:\\\/\\\/meduluxhealth.com\\\/fr\\\/medical-services\\\/\"},{\"@type\":\"ListItem\",\"position\":3,\"name\":\"Urologie\"}]},{\"@type\":\"WebSite\",\"@id\":\"https:\\\/\\\/meduluxhealth.com\\\/fr\\\/#website\",\"url\":\"https:\\\/\\\/meduluxhealth.com\\\/fr\\\/\",\"name\":\"Medulux Health FR\",\"description\":\"\",\"publisher\":{\"@id\":\"https:\\\/\\\/meduluxhealth.com\\\/fr\\\/#organization\"},\"potentialAction\":[{\"@type\":\"SearchAction\",\"target\":{\"@type\":\"EntryPoint\",\"urlTemplate\":\"https:\\\/\\\/meduluxhealth.com\\\/fr\\\/?s={search_term_string}\"},\"query-input\":{\"@type\":\"PropertyValueSpecification\",\"valueRequired\":true,\"valueName\":\"search_term_string\"}}],\"inLanguage\":\"en-US\"},{\"@type\":\"Organization\",\"@id\":\"https:\\\/\\\/meduluxhealth.com\\\/fr\\\/#organization\",\"name\":\"Medulux Health FR\",\"url\":\"https:\\\/\\\/meduluxhealth.com\\\/fr\\\/\",\"logo\":{\"@type\":\"ImageObject\",\"inLanguage\":\"en-US\",\"@id\":\"https:\\\/\\\/meduluxhealth.com\\\/fr\\\/#\\\/schema\\\/logo\\\/image\\\/\",\"url\":\"https:\\\/\\\/meduluxhealth.com\\\/fr\\\/wp-content\\\/uploads\\\/sites\\\/4\\\/2023\\\/07\\\/cropped-site-logo.png\",\"contentUrl\":\"https:\\\/\\\/meduluxhealth.com\\\/fr\\\/wp-content\\\/uploads\\\/sites\\\/4\\\/2023\\\/07\\\/cropped-site-logo.png\",\"width\":596,\"height\":250,\"caption\":\"Medulux Health FR\"},\"image\":{\"@id\":\"https:\\\/\\\/meduluxhealth.com\\\/fr\\\/#\\\/schema\\\/logo\\\/image\\\/\"},\"sameAs\":[\"https:\\\/\\\/www.facebook.com\\\/meduluxhealth\",\"https:\\\/\\\/www.instagram.com\\\/meduluxhealth\\\/\",\"https:\\\/\\\/www.youtube.com\\\/@meduluxhealth\",\"https:\\\/\\\/www.tiktok.com\\\/@meduluxhealth?_t=8d6XrKIlcQw&_r=1\"]}]}<\/script>\n<!-- \/ Yoast SEO plugin. -->","yoast_head_json":{"title":"Urologie - Medulux Health FR","description":"Endoscopic Ureterolitotripsia, Cystoscopy, Andrology, Penis Reconstruction, Prostate Surgery...","robots":{"index":"index","follow":"follow","max-snippet":"max-snippet:-1","max-image-preview":"max-image-preview:large","max-video-preview":"max-video-preview:-1"},"canonical":"https:\/\/meduluxhealth.com\/fr\/medical-services\/urology\/","og_locale":"en_US","og_type":"article","og_title":"Urologie - Medulux Health FR","og_description":"Endoscopic Ureterolitotripsia, Cystoscopy, Andrology, Penis Reconstruction, Prostate Surgery...","og_url":"https:\/\/meduluxhealth.com\/fr\/medical-services\/urology\/","og_site_name":"Medulux Health FR","article_publisher":"https:\/\/www.facebook.com\/meduluxhealth","article_modified_time":"2023-09-18T11:19:46+00:00","og_image":[{"width":1920,"height":1280,"url":"https:\/\/meduluxhealth.com\/fr\/wp-content\/uploads\/sites\/4\/2023\/06\/penis-reconstruction.webp","type":"image\/webp"}],"twitter_card":"summary_large_image","twitter_misc":{"Est. reading time":"2 minutes"},"schema":{"@context":"https:\/\/schema.org","@graph":[{"@type":"WebPage","@id":"https:\/\/meduluxhealth.com\/fr\/medical-services\/urology\/","url":"https:\/\/meduluxhealth.com\/fr\/medical-services\/urology\/","name":"Urologie - Medulux Health FR","isPartOf":{"@id":"https:\/\/meduluxhealth.com\/fr\/#website"},"primaryImageOfPage":{"@id":"https:\/\/meduluxhealth.com\/fr\/medical-services\/urology\/#primaryimage"},"image":{"@id":"https:\/\/meduluxhealth.com\/fr\/medical-services\/urology\/#primaryimage"},"thumbnailUrl":"https:\/\/meduluxhealth.com\/fr\/wp-content\/uploads\/sites\/4\/2023\/06\/penis-reconstruction.webp","datePublished":"2023-06-13T11:14:15+00:00","dateModified":"2023-09-18T11:19:46+00:00","description":"Endoscopic Ureterolitotripsia, Cystoscopy, Andrology, Penis Reconstruction, Prostate Surgery...","breadcrumb":{"@id":"https:\/\/meduluxhealth.com\/fr\/medical-services\/urology\/#breadcrumb"},"inLanguage":"en-US","potentialAction":[{"@type":"ReadAction","target":["https:\/\/meduluxhealth.com\/fr\/medical-services\/urology\/"]}]},{"@type":"ImageObject","inLanguage":"en-US","@id":"https:\/\/meduluxhealth.com\/fr\/medical-services\/urology\/#primaryimage","url":"https:\/\/meduluxhealth.com\/fr\/wp-content\/uploads\/sites\/4\/2023\/06\/penis-reconstruction.webp","contentUrl":"https:\/\/meduluxhealth.com\/fr\/wp-content\/uploads\/sites\/4\/2023\/06\/penis-reconstruction.webp","width":1920,"height":1280,"caption":"penis-reconstruction"},{"@type":"BreadcrumbList","@id":"https:\/\/meduluxhealth.com\/fr\/medical-services\/urology\/#breadcrumb","itemListElement":[{"@type":"ListItem","position":1,"name":"Accueil","item":"https:\/\/meduluxhealth.com\/fr\/"},{"@type":"ListItem","position":2,"name":"Services M\u00e9dicaux","item":"https:\/\/meduluxhealth.com\/fr\/medical-services\/"},{"@type":"ListItem","position":3,"name":"Urologie"}]},{"@type":"WebSite","@id":"https:\/\/meduluxhealth.com\/fr\/#website","url":"https:\/\/meduluxhealth.com\/fr\/","name":"Medulux Health FR","description":"","publisher":{"@id":"https:\/\/meduluxhealth.com\/fr\/#organization"},"potentialAction":[{"@type":"SearchAction","target":{"@type":"EntryPoint","urlTemplate":"https:\/\/meduluxhealth.com\/fr\/?s={search_term_string}"},"query-input":{"@type":"PropertyValueSpecification","valueRequired":true,"valueName":"search_term_string"}}],"inLanguage":"en-US"},{"@type":"Organization","@id":"https:\/\/meduluxhealth.com\/fr\/#organization","name":"Medulux Health FR","url":"https:\/\/meduluxhealth.com\/fr\/","logo":{"@type":"ImageObject","inLanguage":"en-US","@id":"https:\/\/meduluxhealth.com\/fr\/#\/schema\/logo\/image\/","url":"https:\/\/meduluxhealth.com\/fr\/wp-content\/uploads\/sites\/4\/2023\/07\/cropped-site-logo.png","contentUrl":"https:\/\/meduluxhealth.com\/fr\/wp-content\/uploads\/sites\/4\/2023\/07\/cropped-site-logo.png","width":596,"height":250,"caption":"Medulux Health FR"},"image":{"@id":"https:\/\/meduluxhealth.com\/fr\/#\/schema\/logo\/image\/"},"sameAs":["https:\/\/www.facebook.com\/meduluxhealth","https:\/\/www.instagram.com\/meduluxhealth\/","https:\/\/www.youtube.com\/@meduluxhealth","https:\/\/www.tiktok.com\/@meduluxhealth?_t=8d6XrKIlcQw&_r=1"]}]}},"_links":{"self":[{"href":"https:\/\/meduluxhealth.com\/fr\/wp-json\/wp\/v2\/pages\/600","targetHints":{"allow":["GET"]}}],"collection":[{"href":"https:\/\/meduluxhealth.com\/fr\/wp-json\/wp\/v2\/pages"}],"about":[{"href":"https:\/\/meduluxhealth.com\/fr\/wp-json\/wp\/v2\/types\/page"}],"author":[{"embeddable":true,"href":"https:\/\/meduluxhealth.com\/fr\/wp-json\/wp\/v2\/users\/1"}],"replies":[{"embeddable":true,"href":"https:\/\/meduluxhealth.com\/fr\/wp-json\/wp\/v2\/comments?post=600"}],"version-history":[{"count":0,"href":"https:\/\/meduluxhealth.com\/fr\/wp-json\/wp\/v2\/pages\/600\/revisions"}],"up":[{"embeddable":true,"href":"https:\/\/meduluxhealth.com\/fr\/wp-json\/wp\/v2\/pages\/459"}],"wp:featuredmedia":[{"embeddable":true,"href":"https:\/\/meduluxhealth.com\/fr\/wp-json\/wp\/v2\/media\/2113"}],"wp:attachment":[{"href":"https:\/\/meduluxhealth.com\/fr\/wp-json\/wp\/v2\/media?parent=600"}],"curies":[{"name":"wp","href":"https:\/\/api.w.org\/{rel}","templated":true}]}}