{"id":651,"date":"2023-06-13T14:48:24","date_gmt":"2023-06-13T11:48:24","guid":{"rendered":"http:\/\/meduluxhealth.com\/fr\/?page_id=651"},"modified":"2023-09-21T11:05:11","modified_gmt":"2023-09-21T08:05:11","slug":"eyelid-surgery-blepharoplasty","status":"publish","type":"page","link":"https:\/\/meduluxhealth.com\/fr\/medical-services\/face-neck-aesthetics\/eyelid-surgery-blepharoplasty\/","title":{"rendered":"Chirurgie des paupi\u00e8res (Bl\u00e9pharoplastie)"},"content":{"rendered":"\t\t<div data-elementor-type=\"wp-page\" data-elementor-id=\"651\" class=\"elementor elementor-651\" data-elementor-post-type=\"page\">\n\t\t\t\t\t\t<section class=\"elementor-section elementor-top-section elementor-element elementor-element-3a590b2 elementor-section-boxed elementor-section-height-default elementor-section-height-default\" data-id=\"3a590b2\" data-element_type=\"section\" data-e-type=\"section\">\n\t\t\t\t\t\t<div class=\"elementor-container elementor-column-gap-default\">\n\t\t\t\t\t<div class=\"elementor-column elementor-col-100 elementor-top-column elementor-element elementor-element-48d5c68\" data-id=\"48d5c68\" data-element_type=\"column\" data-e-type=\"column\">\n\t\t\t<div class=\"elementor-widget-wrap elementor-element-populated\">\n\t\t\t\t\t\t<div class=\"elementor-element elementor-element-686cc85 elementor-widget elementor-widget-text-editor\" data-id=\"686cc85\" data-element_type=\"widget\" data-e-type=\"widget\" data-widget_type=\"text-editor.default\">\n\t\t\t\t\t\t\t\t\t<p><b>Bl\u00e9pharoplastie : Restaurer la Jeunesse des Yeux<\/b><\/p>\n<p>La chirurgie des paupi\u00e8res, \u00e9galement connue sous le nom de bl\u00e9pharoplastie, est une intervention esth\u00e9tique transformative con\u00e7ue pour traiter les signes de vieillissement autour des yeux et restaurer une apparence plus jeune et plus fra\u00eeche. Au fil du temps, en raison du vieillissement et de facteurs li\u00e9s au mode de vie, la peau perd de son \u00e9lasticit\u00e9, les muscles se rel\u00e2chent et la graisse s&#8217;accumule dans les paupi\u00e8res, entra\u00eenant un rel\u00e2chement, des poches et un affaissement. La bl\u00e9pharoplastie peut corriger ces probl\u00e8mes en \u00e9liminant l&#8217;exc\u00e8s de peau, en resserrant la peau rel\u00e2ch\u00e9e, en \u00e9liminant ou en repositionnant les d\u00e9p\u00f4ts de graisse et en renfor\u00e7ant les muscles et les tendons environnants.<\/p>\n<p><b>Comprendre la Bl\u00e9pharoplastie<\/b><\/p>\n<p>La bl\u00e9pharoplastie peut \u00eatre r\u00e9alis\u00e9e sur les paupi\u00e8res sup\u00e9rieures, inf\u00e9rieures ou les deux, en fonction des besoins du patient. La proc\u00e9dure implique des incisions pr\u00e9cises pratiqu\u00e9es dans les plis naturels des paupi\u00e8res ou \u00e0 l&#8217;int\u00e9rieur de la paupi\u00e8re inf\u00e9rieure pour minimiser les cicatrices visibles. Le chirurgien \u00e9liminera ou repositionnera ensuite les tissus adipeux et coupera l&#8217;exc\u00e8s de peau avant de refermer les incisions avec des sutures fines. Dans certains cas, une resurfa\u00e7age au laser peut \u00eatre effectu\u00e9 pour att\u00e9nuer davantage les lignes et les rides.<\/p>\n<p>Cette intervention chirurgicale est g\u00e9n\u00e9ralement pratiqu\u00e9e en ambulatoire, les patients rentrant chez eux le m\u00eame jour. Une anesth\u00e9sie locale avec s\u00e9dation ou une anesth\u00e9sie g\u00e9n\u00e9rale est utilis\u00e9e pour que les patients restent confortables tout au long de la proc\u00e9dure. L&#8217;op\u00e9ration dure de une \u00e0 trois heures, en fonction du fait que les paupi\u00e8res sup\u00e9rieures et inf\u00e9rieures soient trait\u00e9es.<\/p>\n<p><b>Qui est un Bon Candidat ?<\/b><\/p>\n<p>Les candidats id\u00e9aux pour la bl\u00e9pharoplastie sont des personnes en bonne sant\u00e9 g\u00e9n\u00e9rale, non-fumeurs et ayant une perspective positive et des attentes r\u00e9alistes quant au r\u00e9sultat. Les personnes ayant des paupi\u00e8res sup\u00e9rieures tombantes ou pendantes, un exc\u00e8s de peau des paupi\u00e8res sup\u00e9rieures qui g\u00eane la vision p\u00e9riph\u00e9rique, un exc\u00e8s de peau sur les paupi\u00e8res inf\u00e9rieures et des poches sous les yeux peuvent b\u00e9n\u00e9ficier consid\u00e9rablement de la proc\u00e9dure. Les patients atteints de troubles oculaires tels que le glaucome, les yeux secs ou une r\u00e9tine d\u00e9coll\u00e9e devraient discuter de ces probl\u00e8mes avec le chirurgien avant de envisager la bl\u00e9pharoplastie.<\/p>\n<p><b>R\u00e9cup\u00e9ration et R\u00e9sultats<\/b><\/p>\n<p>Apr\u00e8s l&#8217;op\u00e9ration, les patients doivent s&#8217;attendre \u00e0 un certain gonflement, des ecchymoses, une irritation ou des yeux secs, qui peuvent \u00eatre g\u00e9r\u00e9s avec des m\u00e9dicaments, des compresses froides et une pommade. Les points de suture sont g\u00e9n\u00e9ralement retir\u00e9s apr\u00e8s environ une semaine, et la plupart des gens peuvent reprendre le travail en 10 \u00e0 14 jours. Les lentilles de contact et le maquillage ne doivent pas \u00eatre port\u00e9s pendant environ deux semaines, et les activit\u00e9s vigoureuses, l&#8217;alcool et le tabagisme doivent \u00eatre \u00e9vit\u00e9s pendant environ trois semaines.<\/p>\n<p>\u00c0 mesure que le processus de gu\u00e9rison se poursuit sur plusieurs semaines, les effets complets de la proc\u00e9dure de bl\u00e9pharoplastie deviendront apparents. Bien que les cicatrices soient g\u00e9n\u00e9ralement minimes et bien dissimul\u00e9es dans les structures naturelles de la r\u00e9gion oculaire, il peut falloir jusqu&#8217;\u00e0 un an pour que les cicatrices s&#8217;estompent et s&#8217;adoucissent. L&#8217;\u00e9limination de la peau affaiss\u00e9e et des graisses donnera un aspect plus \u00e9veill\u00e9 et plus jeune, et si la proc\u00e9dure a \u00e9t\u00e9 r\u00e9alis\u00e9e pour am\u00e9liorer la vision, le patient constatera cette am\u00e9lioration assez rapidement.<\/p>\n<p><b>Soins \u00e0 Long Terme et Consid\u00e9rations<\/b><\/p>\n<p>Bien que la bl\u00e9pharoplastie puisse r\u00e9duire consid\u00e9rablement les signes de vieillissement, elle n&#8217;arr\u00eate pas le processus de vieillissement. L&#8217;exposition continue au soleil et le processus naturel de vieillissement peuvent entra\u00eener de nouvelles rides et un rel\u00e2chement cutan\u00e9 au fil du temps. Par cons\u00e9quent, il est essentiel pour les patients de prendre soin de leur peau et de leur sant\u00e9 apr\u00e8s la chirurgie. Une utilisation r\u00e9guli\u00e8re de cr\u00e8me solaire, une alimentation saine, une hydratation ad\u00e9quate, l&#8217;arr\u00eat du tabagisme et l&#8217;adoption d&#8217;une routine de soins de la peau coh\u00e9rente peuvent contribuer grandement \u00e0 maintenir les r\u00e9sultats.<\/p>\n<p>En conclusion, la chirurgie des paupi\u00e8res ou la bl\u00e9pharoplastie est une solution efficace pour traiter les pr\u00e9occupations esth\u00e9tiques li\u00e9es au vieillissement autour des yeux. Comme pour toute intervention chirurgicale, les risques potentiels et les complications doivent \u00eatre discut\u00e9s avec le chirurgien \u00e0 l&#8217;avance. N\u00e9anmoins, avec un chirurgien qualifi\u00e9 et un plan de soins postop\u00e9ratoires bien compris, on peut s&#8217;attendre \u00e0 un look rajeuni et rafra\u00eechi qui am\u00e9liore l&#8217;esth\u00e9tique faciale globale.<\/p>\t\t\t\t\t\t\t\t<\/div>\n\t\t\t\t\t<\/div>\n\t\t<\/div>\n\t\t\t\t\t<\/div>\n\t\t<\/section>\n\t\t\t\t<\/div>\n\t\t","protected":false},"excerpt":{"rendered":"<p>Bl\u00e9pharoplastie : Restaurer la Jeunesse des Yeux La chirurgie des paupi\u00e8res, \u00e9galement connue sous le nom de bl\u00e9pharoplastie, est une intervention esth\u00e9tique transformative con\u00e7ue pour traiter les signes de vieillissement autour des yeux et restaurer une apparence plus jeune et plus fra\u00eeche. Au fil du temps, en raison du vieillissement et de facteurs li\u00e9s au [&hellip;]<\/p>\n","protected":false},"author":1,"featured_media":2008,"parent":595,"menu_order":0,"comment_status":"closed","ping_status":"closed","template":"","meta":{"footnotes":""},"class_list":["post-651","page","type-page","status-publish","has-post-thumbnail","hentry"],"yoast_head":"<!-- This site is optimized with the Yoast SEO plugin v27.4 - https:\/\/yoast.com\/product\/yoast-seo-wordpress\/ -->\n<title>Chirurgie des paupi\u00e8res (Bl\u00e9pharoplastie) - Medulux Health FR<\/title>\n<meta name=\"description\" content=\"Eyelid surgery, also known as blepharoplasty, is a transformative cosmetic procedure designed to address the aging signs around the eyes...\" \/>\n<meta name=\"robots\" content=\"index, follow, max-snippet:-1, max-image-preview:large, max-video-preview:-1\" \/>\n<link rel=\"canonical\" href=\"https:\/\/meduluxhealth.com\/fr\/medical-services\/face-neck-aesthetics\/eyelid-surgery-blepharoplasty\/\" \/>\n<meta property=\"og:locale\" content=\"en_US\" \/>\n<meta property=\"og:type\" content=\"article\" \/>\n<meta property=\"og:title\" content=\"Chirurgie des paupi\u00e8res (Bl\u00e9pharoplastie) - Medulux Health FR\" \/>\n<meta property=\"og:description\" content=\"Eyelid surgery, also known as blepharoplasty, is a transformative cosmetic procedure designed to address the aging signs around the eyes...\" \/>\n<meta property=\"og:url\" content=\"https:\/\/meduluxhealth.com\/fr\/medical-services\/face-neck-aesthetics\/eyelid-surgery-blepharoplasty\/\" \/>\n<meta property=\"og:site_name\" content=\"Medulux Health FR\" \/>\n<meta property=\"article:publisher\" content=\"https:\/\/www.facebook.com\/meduluxhealth\" \/>\n<meta property=\"article:modified_time\" content=\"2023-09-21T08:05:11+00:00\" \/>\n<meta property=\"og:image\" content=\"http:\/\/meduluxhealth.com\/fr\/wp-content\/uploads\/sites\/4\/2023\/06\/eyelid-surgery.webp\" \/>\n\t<meta property=\"og:image:width\" content=\"1920\" \/>\n\t<meta property=\"og:image:height\" content=\"1282\" \/>\n\t<meta property=\"og:image:type\" content=\"image\/webp\" \/>\n<meta name=\"twitter:card\" content=\"summary_large_image\" \/>\n<meta name=\"twitter:label1\" content=\"Est. reading time\" \/>\n\t<meta name=\"twitter:data1\" content=\"5 minutes\" \/>\n<script type=\"application\/ld+json\" class=\"yoast-schema-graph\">{\"@context\":\"https:\\\/\\\/schema.org\",\"@graph\":[{\"@type\":\"WebPage\",\"@id\":\"https:\\\/\\\/meduluxhealth.com\\\/fr\\\/medical-services\\\/face-neck-aesthetics\\\/eyelid-surgery-blepharoplasty\\\/\",\"url\":\"https:\\\/\\\/meduluxhealth.com\\\/fr\\\/medical-services\\\/face-neck-aesthetics\\\/eyelid-surgery-blepharoplasty\\\/\",\"name\":\"Chirurgie des paupi\u00e8res (Bl\u00e9pharoplastie) - Medulux Health FR\",\"isPartOf\":{\"@id\":\"https:\\\/\\\/meduluxhealth.com\\\/fr\\\/#website\"},\"primaryImageOfPage\":{\"@id\":\"https:\\\/\\\/meduluxhealth.com\\\/fr\\\/medical-services\\\/face-neck-aesthetics\\\/eyelid-surgery-blepharoplasty\\\/#primaryimage\"},\"image\":{\"@id\":\"https:\\\/\\\/meduluxhealth.com\\\/fr\\\/medical-services\\\/face-neck-aesthetics\\\/eyelid-surgery-blepharoplasty\\\/#primaryimage\"},\"thumbnailUrl\":\"https:\\\/\\\/meduluxhealth.com\\\/fr\\\/wp-content\\\/uploads\\\/sites\\\/4\\\/2023\\\/06\\\/eyelid-surgery.webp\",\"datePublished\":\"2023-06-13T11:48:24+00:00\",\"dateModified\":\"2023-09-21T08:05:11+00:00\",\"description\":\"Eyelid surgery, also known as blepharoplasty, is a transformative cosmetic procedure designed to address the aging signs around the eyes...\",\"breadcrumb\":{\"@id\":\"https:\\\/\\\/meduluxhealth.com\\\/fr\\\/medical-services\\\/face-neck-aesthetics\\\/eyelid-surgery-blepharoplasty\\\/#breadcrumb\"},\"inLanguage\":\"en-US\",\"potentialAction\":[{\"@type\":\"ReadAction\",\"target\":[\"https:\\\/\\\/meduluxhealth.com\\\/fr\\\/medical-services\\\/face-neck-aesthetics\\\/eyelid-surgery-blepharoplasty\\\/\"]}]},{\"@type\":\"ImageObject\",\"inLanguage\":\"en-US\",\"@id\":\"https:\\\/\\\/meduluxhealth.com\\\/fr\\\/medical-services\\\/face-neck-aesthetics\\\/eyelid-surgery-blepharoplasty\\\/#primaryimage\",\"url\":\"https:\\\/\\\/meduluxhealth.com\\\/fr\\\/wp-content\\\/uploads\\\/sites\\\/4\\\/2023\\\/06\\\/eyelid-surgery.webp\",\"contentUrl\":\"https:\\\/\\\/meduluxhealth.com\\\/fr\\\/wp-content\\\/uploads\\\/sites\\\/4\\\/2023\\\/06\\\/eyelid-surgery.webp\",\"width\":1920,\"height\":1282,\"caption\":\"eyelid-surgery\"},{\"@type\":\"BreadcrumbList\",\"@id\":\"https:\\\/\\\/meduluxhealth.com\\\/fr\\\/medical-services\\\/face-neck-aesthetics\\\/eyelid-surgery-blepharoplasty\\\/#breadcrumb\",\"itemListElement\":[{\"@type\":\"ListItem\",\"position\":1,\"name\":\"Accueil\",\"item\":\"https:\\\/\\\/meduluxhealth.com\\\/fr\\\/\"},{\"@type\":\"ListItem\",\"position\":2,\"name\":\"Services M\u00e9dicaux\",\"item\":\"https:\\\/\\\/meduluxhealth.com\\\/fr\\\/medical-services\\\/\"},{\"@type\":\"ListItem\",\"position\":3,\"name\":\"Esth\u00e9tique du Visage et du Cou\",\"item\":\"https:\\\/\\\/meduluxhealth.com\\\/fr\\\/medical-services\\\/face-neck-aesthetics\\\/\"},{\"@type\":\"ListItem\",\"position\":4,\"name\":\"Chirurgie des paupi\u00e8res (Bl\u00e9pharoplastie)\"}]},{\"@type\":\"WebSite\",\"@id\":\"https:\\\/\\\/meduluxhealth.com\\\/fr\\\/#website\",\"url\":\"https:\\\/\\\/meduluxhealth.com\\\/fr\\\/\",\"name\":\"Medulux Health FR\",\"description\":\"\",\"publisher\":{\"@id\":\"https:\\\/\\\/meduluxhealth.com\\\/fr\\\/#organization\"},\"potentialAction\":[{\"@type\":\"SearchAction\",\"target\":{\"@type\":\"EntryPoint\",\"urlTemplate\":\"https:\\\/\\\/meduluxhealth.com\\\/fr\\\/?s={search_term_string}\"},\"query-input\":{\"@type\":\"PropertyValueSpecification\",\"valueRequired\":true,\"valueName\":\"search_term_string\"}}],\"inLanguage\":\"en-US\"},{\"@type\":\"Organization\",\"@id\":\"https:\\\/\\\/meduluxhealth.com\\\/fr\\\/#organization\",\"name\":\"Medulux Health FR\",\"url\":\"https:\\\/\\\/meduluxhealth.com\\\/fr\\\/\",\"logo\":{\"@type\":\"ImageObject\",\"inLanguage\":\"en-US\",\"@id\":\"https:\\\/\\\/meduluxhealth.com\\\/fr\\\/#\\\/schema\\\/logo\\\/image\\\/\",\"url\":\"https:\\\/\\\/meduluxhealth.com\\\/fr\\\/wp-content\\\/uploads\\\/sites\\\/4\\\/2023\\\/07\\\/cropped-site-logo.png\",\"contentUrl\":\"https:\\\/\\\/meduluxhealth.com\\\/fr\\\/wp-content\\\/uploads\\\/sites\\\/4\\\/2023\\\/07\\\/cropped-site-logo.png\",\"width\":596,\"height\":250,\"caption\":\"Medulux Health FR\"},\"image\":{\"@id\":\"https:\\\/\\\/meduluxhealth.com\\\/fr\\\/#\\\/schema\\\/logo\\\/image\\\/\"},\"sameAs\":[\"https:\\\/\\\/www.facebook.com\\\/meduluxhealth\",\"https:\\\/\\\/www.instagram.com\\\/meduluxhealth\\\/\",\"https:\\\/\\\/www.youtube.com\\\/@meduluxhealth\",\"https:\\\/\\\/www.tiktok.com\\\/@meduluxhealth?_t=8d6XrKIlcQw&_r=1\"]}]}<\/script>\n<!-- \/ Yoast SEO plugin. -->","yoast_head_json":{"title":"Chirurgie des paupi\u00e8res (Bl\u00e9pharoplastie) - Medulux Health FR","description":"Eyelid surgery, also known as blepharoplasty, is a transformative cosmetic procedure designed to address the aging signs around the eyes...","robots":{"index":"index","follow":"follow","max-snippet":"max-snippet:-1","max-image-preview":"max-image-preview:large","max-video-preview":"max-video-preview:-1"},"canonical":"https:\/\/meduluxhealth.com\/fr\/medical-services\/face-neck-aesthetics\/eyelid-surgery-blepharoplasty\/","og_locale":"en_US","og_type":"article","og_title":"Chirurgie des paupi\u00e8res (Bl\u00e9pharoplastie) - Medulux Health FR","og_description":"Eyelid surgery, also known as blepharoplasty, is a transformative cosmetic procedure designed to address the aging signs around the eyes...","og_url":"https:\/\/meduluxhealth.com\/fr\/medical-services\/face-neck-aesthetics\/eyelid-surgery-blepharoplasty\/","og_site_name":"Medulux Health FR","article_publisher":"https:\/\/www.facebook.com\/meduluxhealth","article_modified_time":"2023-09-21T08:05:11+00:00","og_image":[{"width":1920,"height":1282,"url":"http:\/\/meduluxhealth.com\/fr\/wp-content\/uploads\/sites\/4\/2023\/06\/eyelid-surgery.webp","type":"image\/webp"}],"twitter_card":"summary_large_image","twitter_misc":{"Est. reading time":"5 minutes"},"schema":{"@context":"https:\/\/schema.org","@graph":[{"@type":"WebPage","@id":"https:\/\/meduluxhealth.com\/fr\/medical-services\/face-neck-aesthetics\/eyelid-surgery-blepharoplasty\/","url":"https:\/\/meduluxhealth.com\/fr\/medical-services\/face-neck-aesthetics\/eyelid-surgery-blepharoplasty\/","name":"Chirurgie des paupi\u00e8res (Bl\u00e9pharoplastie) - Medulux Health FR","isPartOf":{"@id":"https:\/\/meduluxhealth.com\/fr\/#website"},"primaryImageOfPage":{"@id":"https:\/\/meduluxhealth.com\/fr\/medical-services\/face-neck-aesthetics\/eyelid-surgery-blepharoplasty\/#primaryimage"},"image":{"@id":"https:\/\/meduluxhealth.com\/fr\/medical-services\/face-neck-aesthetics\/eyelid-surgery-blepharoplasty\/#primaryimage"},"thumbnailUrl":"https:\/\/meduluxhealth.com\/fr\/wp-content\/uploads\/sites\/4\/2023\/06\/eyelid-surgery.webp","datePublished":"2023-06-13T11:48:24+00:00","dateModified":"2023-09-21T08:05:11+00:00","description":"Eyelid surgery, also known as blepharoplasty, is a transformative cosmetic procedure designed to address the aging signs around the eyes...","breadcrumb":{"@id":"https:\/\/meduluxhealth.com\/fr\/medical-services\/face-neck-aesthetics\/eyelid-surgery-blepharoplasty\/#breadcrumb"},"inLanguage":"en-US","potentialAction":[{"@type":"ReadAction","target":["https:\/\/meduluxhealth.com\/fr\/medical-services\/face-neck-aesthetics\/eyelid-surgery-blepharoplasty\/"]}]},{"@type":"ImageObject","inLanguage":"en-US","@id":"https:\/\/meduluxhealth.com\/fr\/medical-services\/face-neck-aesthetics\/eyelid-surgery-blepharoplasty\/#primaryimage","url":"https:\/\/meduluxhealth.com\/fr\/wp-content\/uploads\/sites\/4\/2023\/06\/eyelid-surgery.webp","contentUrl":"https:\/\/meduluxhealth.com\/fr\/wp-content\/uploads\/sites\/4\/2023\/06\/eyelid-surgery.webp","width":1920,"height":1282,"caption":"eyelid-surgery"},{"@type":"BreadcrumbList","@id":"https:\/\/meduluxhealth.com\/fr\/medical-services\/face-neck-aesthetics\/eyelid-surgery-blepharoplasty\/#breadcrumb","itemListElement":[{"@type":"ListItem","position":1,"name":"Accueil","item":"https:\/\/meduluxhealth.com\/fr\/"},{"@type":"ListItem","position":2,"name":"Services M\u00e9dicaux","item":"https:\/\/meduluxhealth.com\/fr\/medical-services\/"},{"@type":"ListItem","position":3,"name":"Esth\u00e9tique du Visage et du Cou","item":"https:\/\/meduluxhealth.com\/fr\/medical-services\/face-neck-aesthetics\/"},{"@type":"ListItem","position":4,"name":"Chirurgie des paupi\u00e8res (Bl\u00e9pharoplastie)"}]},{"@type":"WebSite","@id":"https:\/\/meduluxhealth.com\/fr\/#website","url":"https:\/\/meduluxhealth.com\/fr\/","name":"Medulux Health FR","description":"","publisher":{"@id":"https:\/\/meduluxhealth.com\/fr\/#organization"},"potentialAction":[{"@type":"SearchAction","target":{"@type":"EntryPoint","urlTemplate":"https:\/\/meduluxhealth.com\/fr\/?s={search_term_string}"},"query-input":{"@type":"PropertyValueSpecification","valueRequired":true,"valueName":"search_term_string"}}],"inLanguage":"en-US"},{"@type":"Organization","@id":"https:\/\/meduluxhealth.com\/fr\/#organization","name":"Medulux Health FR","url":"https:\/\/meduluxhealth.com\/fr\/","logo":{"@type":"ImageObject","inLanguage":"en-US","@id":"https:\/\/meduluxhealth.com\/fr\/#\/schema\/logo\/image\/","url":"https:\/\/meduluxhealth.com\/fr\/wp-content\/uploads\/sites\/4\/2023\/07\/cropped-site-logo.png","contentUrl":"https:\/\/meduluxhealth.com\/fr\/wp-content\/uploads\/sites\/4\/2023\/07\/cropped-site-logo.png","width":596,"height":250,"caption":"Medulux Health FR"},"image":{"@id":"https:\/\/meduluxhealth.com\/fr\/#\/schema\/logo\/image\/"},"sameAs":["https:\/\/www.facebook.com\/meduluxhealth","https:\/\/www.instagram.com\/meduluxhealth\/","https:\/\/www.youtube.com\/@meduluxhealth","https:\/\/www.tiktok.com\/@meduluxhealth?_t=8d6XrKIlcQw&_r=1"]}]}},"_links":{"self":[{"href":"https:\/\/meduluxhealth.com\/fr\/wp-json\/wp\/v2\/pages\/651","targetHints":{"allow":["GET"]}}],"collection":[{"href":"https:\/\/meduluxhealth.com\/fr\/wp-json\/wp\/v2\/pages"}],"about":[{"href":"https:\/\/meduluxhealth.com\/fr\/wp-json\/wp\/v2\/types\/page"}],"author":[{"embeddable":true,"href":"https:\/\/meduluxhealth.com\/fr\/wp-json\/wp\/v2\/users\/1"}],"replies":[{"embeddable":true,"href":"https:\/\/meduluxhealth.com\/fr\/wp-json\/wp\/v2\/comments?post=651"}],"version-history":[{"count":0,"href":"https:\/\/meduluxhealth.com\/fr\/wp-json\/wp\/v2\/pages\/651\/revisions"}],"up":[{"embeddable":true,"href":"https:\/\/meduluxhealth.com\/fr\/wp-json\/wp\/v2\/pages\/595"}],"wp:featuredmedia":[{"embeddable":true,"href":"https:\/\/meduluxhealth.com\/fr\/wp-json\/wp\/v2\/media\/2008"}],"wp:attachment":[{"href":"https:\/\/meduluxhealth.com\/fr\/wp-json\/wp\/v2\/media?parent=651"}],"curies":[{"name":"wp","href":"https:\/\/api.w.org\/{rel}","templated":true}]}}