{"id":655,"date":"2023-06-13T14:52:46","date_gmt":"2023-06-13T11:52:46","guid":{"rendered":"http:\/\/meduluxhealth.com\/fr\/?page_id=655"},"modified":"2023-09-18T10:17:47","modified_gmt":"2023-09-18T07:17:47","slug":"ear-aesthetics-otoplasty","status":"publish","type":"page","link":"https:\/\/meduluxhealth.com\/fr\/medical-services\/face-neck-aesthetics\/ear-aesthetics-otoplasty\/","title":{"rendered":"Esth\u00e9tique des Oreilles (Otoplastie)"},"content":{"rendered":"\t\t<div data-elementor-type=\"wp-page\" data-elementor-id=\"655\" class=\"elementor elementor-655\" data-elementor-post-type=\"page\">\n\t\t\t\t\t\t<section class=\"elementor-section elementor-top-section elementor-element elementor-element-433a136 elementor-section-boxed elementor-section-height-default elementor-section-height-default\" data-id=\"433a136\" data-element_type=\"section\" data-e-type=\"section\">\n\t\t\t\t\t\t<div class=\"elementor-container elementor-column-gap-default\">\n\t\t\t\t\t<div class=\"elementor-column elementor-col-100 elementor-top-column elementor-element elementor-element-f2bfc18\" data-id=\"f2bfc18\" data-element_type=\"column\" data-e-type=\"column\">\n\t\t\t<div class=\"elementor-widget-wrap elementor-element-populated\">\n\t\t\t\t\t\t<div class=\"elementor-element elementor-element-fc78550 elementor-widget elementor-widget-text-editor\" data-id=\"fc78550\" data-element_type=\"widget\" data-e-type=\"widget\" data-widget_type=\"text-editor.default\">\n\t\t\t\t\t\t\t\t\t<p><b>Esth\u00e9tique des Oreilles (Otoplastie) : Remodeler les Proportions<\/b><\/p><p>Nos oreilles jouent un r\u00f4le significatif dans la d\u00e9finition de notre apparence faciale globale. Leur taille, leur forme et leur alignement avec les autres traits du visage peuvent avoir un impact consid\u00e9rable sur notre attrait esth\u00e9tique. L&#8217;otoplastie, couramment appel\u00e9e chirurgie des oreilles, est une intervention chirurgicale con\u00e7ue pour modifier la forme, la position ou la taille des oreilles afin d&#8217;am\u00e9liorer leur apparence ou de corriger un d\u00e9faut.<\/p><p><b>Comprendre l&#8217;Otoplastie<\/b><\/p><p>La proc\u00e9dure commence par une incision pratiqu\u00e9e derri\u00e8re l&#8217;oreille, dans le pli o\u00f9 l&#8217;oreille rencontre la t\u00eate. Cela permet au chirurgien d&#8217;acc\u00e9der au cartilage pour le remodeler. Selon les besoins sp\u00e9cifiques du patient, le cartilage peut \u00eatre sculpt\u00e9, pli\u00e9 ou enlev\u00e9 pour obtenir la forme souhait\u00e9e. Si n\u00e9cessaire, l&#8217;oreille peut \u00eatre positionn\u00e9e plus pr\u00e8s de la t\u00eate, et l&#8217;incision est referm\u00e9e avec des sutures.<\/p><p>L&#8217;otoplastie peut \u00eatre r\u00e9alis\u00e9e \u00e0 tout \u00e2ge apr\u00e8s que les oreilles ont atteint leur pleine taille, ce qui se produit g\u00e9n\u00e9ralement vers l&#8217;\u00e2ge de cinq \u00e0 six ans. L&#8217;intervention dure g\u00e9n\u00e9ralement environ une \u00e0 deux heures et peut \u00eatre r\u00e9alis\u00e9e sous anesth\u00e9sie locale ou g\u00e9n\u00e9rale.<\/p><p><b>Qui Peut B\u00e9n\u00e9ficier de l&#8217;Otoplastie ?<\/b><\/p><p>L&#8217;otoplastie est une proc\u00e9dure polyvalente qui b\u00e9n\u00e9ficie aux personnes confront\u00e9es \u00e0 divers probl\u00e8mes esth\u00e9tiques li\u00e9s \u00e0 leurs oreilles. Certaines des affections couramment trait\u00e9es par cette proc\u00e9dure comprennent :<\/p><p>Les oreilles d\u00e9coll\u00e9es : La raison la plus courante pour laquelle les individus cherchent l&#8217;otoplastie, cette condition se caract\u00e9rise par des oreilles qui s&#8217;\u00e9cartent trop de la t\u00eate.<\/p><p>Les oreilles surdimensionn\u00e9es : \u00c9galement connue sous le nom de macrotie, cette condition se produit lorsque les oreilles sont disproportionnellement grandes par rapport aux autres traits du visage.<\/p><p>Insatisfaction apr\u00e8s une chirurgie pr\u00e9c\u00e9dente des oreilles : Certaines personnes peuvent \u00eatre m\u00e9contentes des r\u00e9sultats d&#8217;une pr\u00e9c\u00e9dente intervention chirurgicale des oreilles et cherchent l&#8217;otoplastie pour la r\u00e9vision.<\/p><p>La proc\u00e9dure peut am\u00e9liorer consid\u00e9rablement l&#8217;apparence d&#8217;un individu, renforcer sa confiance en lui et prot\u00e9ger les enfants et les adolescents contre d&#8217;\u00e9ventuelles moqueries ou taquineries li\u00e9es \u00e0 l&#8217;apparence de leurs oreilles.<\/p><p><b>R\u00e9cup\u00e9ration Post-op\u00e9ratoire et R\u00e9sultats<\/b><\/p><p>Apr\u00e8s l&#8217;intervention chirurgicale, un bandage est g\u00e9n\u00e9ralement appliqu\u00e9 autour de la t\u00eate pour soutenir et prot\u00e9ger la nouvelle forme des oreilles. Il est courant de ressentir un l\u00e9ger inconfort, un gonflement et des ecchymoses, qui peuvent \u00eatre g\u00e9r\u00e9s avec des m\u00e9dicaments. La plupart des patients peuvent reprendre leurs activit\u00e9s normales en une semaine, mais il est conseill\u00e9 d&#8217;\u00e9viter toute action qui pourrait plier les oreilles pendant au moins un mois.<\/p><p>Les r\u00e9sultats de l&#8217;otoplastie sont g\u00e9n\u00e9ralement durables et deviennent visibles une fois que les bandages sont retir\u00e9s. La proc\u00e9dure conduit souvent \u00e0 une am\u00e9lioration significative de la confiance en soi et de la qualit\u00e9 de vie.<\/p><p><b>Conclusion<\/b><\/p><p>L&#8217;otoplastie est une solution s\u00fbre et efficace pour les personnes insatisfaites de l&#8217;apparence de leurs oreilles. La cl\u00e9 d&#8217;une intervention r\u00e9ussie r\u00e9side dans le choix d&#8217;un chirurgien plasticien exp\u00e9riment\u00e9 et certifi\u00e9 et dans une consultation d\u00e9taill\u00e9e sur vos attentes et vos pr\u00e9occupations. En comprenant la proc\u00e9dure, les risques potentiels et le processus de r\u00e9cup\u00e9ration, vous pouvez prendre une d\u00e9cision \u00e9clair\u00e9e sur la pertinence de l&#8217;otoplastie pour vous-m\u00eame ou votre enfant.<\/p>\t\t\t\t\t\t\t\t<\/div>\n\t\t\t\t\t<\/div>\n\t\t<\/div>\n\t\t\t\t\t<\/div>\n\t\t<\/section>\n\t\t\t\t<\/div>\n\t\t","protected":false},"excerpt":{"rendered":"<p>Esth\u00e9tique des Oreilles (Otoplastie) : Remodeler les Proportions Nos oreilles jouent un r\u00f4le significatif dans la d\u00e9finition de notre apparence faciale globale. Leur taille, leur forme et leur alignement avec les autres traits du visage peuvent avoir un impact consid\u00e9rable sur notre attrait esth\u00e9tique. L&#8217;otoplastie, couramment appel\u00e9e chirurgie des oreilles, est une intervention chirurgicale con\u00e7ue [&hellip;]<\/p>\n","protected":false},"author":1,"featured_media":2011,"parent":595,"menu_order":0,"comment_status":"closed","ping_status":"closed","template":"","meta":{"footnotes":""},"class_list":["post-655","page","type-page","status-publish","has-post-thumbnail","hentry"],"yoast_head":"<!-- This site is optimized with the Yoast SEO plugin v27.4 - https:\/\/yoast.com\/product\/yoast-seo-wordpress\/ -->\n<title>Esth\u00e9tique des Oreilles (Otoplastie) - Medulux Health FR<\/title>\n<meta name=\"description\" content=\"Our ears play a significant role in defining our overall facial appearance. Their size, shape, and alignment with other facial...\" \/>\n<meta name=\"robots\" content=\"index, follow, max-snippet:-1, max-image-preview:large, max-video-preview:-1\" \/>\n<link rel=\"canonical\" href=\"https:\/\/meduluxhealth.com\/fr\/medical-services\/face-neck-aesthetics\/ear-aesthetics-otoplasty\/\" \/>\n<meta property=\"og:locale\" content=\"en_US\" \/>\n<meta property=\"og:type\" content=\"article\" \/>\n<meta property=\"og:title\" content=\"Esth\u00e9tique des Oreilles (Otoplastie) - Medulux Health FR\" \/>\n<meta property=\"og:description\" content=\"Our ears play a significant role in defining our overall facial appearance. Their size, shape, and alignment with other facial...\" \/>\n<meta property=\"og:url\" content=\"https:\/\/meduluxhealth.com\/fr\/medical-services\/face-neck-aesthetics\/ear-aesthetics-otoplasty\/\" \/>\n<meta property=\"og:site_name\" content=\"Medulux Health FR\" \/>\n<meta property=\"article:publisher\" content=\"https:\/\/www.facebook.com\/meduluxhealth\" \/>\n<meta property=\"article:modified_time\" content=\"2023-09-18T07:17:47+00:00\" \/>\n<meta property=\"og:image\" content=\"https:\/\/meduluxhealth.com\/fr\/wp-content\/uploads\/sites\/4\/2023\/06\/ear-aesthetics.webp\" \/>\n\t<meta property=\"og:image:width\" content=\"1920\" \/>\n\t<meta property=\"og:image:height\" content=\"1280\" \/>\n\t<meta property=\"og:image:type\" content=\"image\/webp\" \/>\n<meta name=\"twitter:card\" content=\"summary_large_image\" \/>\n<meta name=\"twitter:label1\" content=\"Est. reading time\" \/>\n\t<meta name=\"twitter:data1\" content=\"4 minutes\" \/>\n<script type=\"application\/ld+json\" class=\"yoast-schema-graph\">{\"@context\":\"https:\\\/\\\/schema.org\",\"@graph\":[{\"@type\":\"WebPage\",\"@id\":\"https:\\\/\\\/meduluxhealth.com\\\/fr\\\/medical-services\\\/face-neck-aesthetics\\\/ear-aesthetics-otoplasty\\\/\",\"url\":\"https:\\\/\\\/meduluxhealth.com\\\/fr\\\/medical-services\\\/face-neck-aesthetics\\\/ear-aesthetics-otoplasty\\\/\",\"name\":\"Esth\u00e9tique des Oreilles (Otoplastie) - Medulux Health FR\",\"isPartOf\":{\"@id\":\"https:\\\/\\\/meduluxhealth.com\\\/fr\\\/#website\"},\"primaryImageOfPage\":{\"@id\":\"https:\\\/\\\/meduluxhealth.com\\\/fr\\\/medical-services\\\/face-neck-aesthetics\\\/ear-aesthetics-otoplasty\\\/#primaryimage\"},\"image\":{\"@id\":\"https:\\\/\\\/meduluxhealth.com\\\/fr\\\/medical-services\\\/face-neck-aesthetics\\\/ear-aesthetics-otoplasty\\\/#primaryimage\"},\"thumbnailUrl\":\"https:\\\/\\\/meduluxhealth.com\\\/fr\\\/wp-content\\\/uploads\\\/sites\\\/4\\\/2023\\\/06\\\/ear-aesthetics.webp\",\"datePublished\":\"2023-06-13T11:52:46+00:00\",\"dateModified\":\"2023-09-18T07:17:47+00:00\",\"description\":\"Our ears play a significant role in defining our overall facial appearance. Their size, shape, and alignment with other facial...\",\"breadcrumb\":{\"@id\":\"https:\\\/\\\/meduluxhealth.com\\\/fr\\\/medical-services\\\/face-neck-aesthetics\\\/ear-aesthetics-otoplasty\\\/#breadcrumb\"},\"inLanguage\":\"en-US\",\"potentialAction\":[{\"@type\":\"ReadAction\",\"target\":[\"https:\\\/\\\/meduluxhealth.com\\\/fr\\\/medical-services\\\/face-neck-aesthetics\\\/ear-aesthetics-otoplasty\\\/\"]}]},{\"@type\":\"ImageObject\",\"inLanguage\":\"en-US\",\"@id\":\"https:\\\/\\\/meduluxhealth.com\\\/fr\\\/medical-services\\\/face-neck-aesthetics\\\/ear-aesthetics-otoplasty\\\/#primaryimage\",\"url\":\"https:\\\/\\\/meduluxhealth.com\\\/fr\\\/wp-content\\\/uploads\\\/sites\\\/4\\\/2023\\\/06\\\/ear-aesthetics.webp\",\"contentUrl\":\"https:\\\/\\\/meduluxhealth.com\\\/fr\\\/wp-content\\\/uploads\\\/sites\\\/4\\\/2023\\\/06\\\/ear-aesthetics.webp\",\"width\":1920,\"height\":1280,\"caption\":\"ear-aesthetics\"},{\"@type\":\"BreadcrumbList\",\"@id\":\"https:\\\/\\\/meduluxhealth.com\\\/fr\\\/medical-services\\\/face-neck-aesthetics\\\/ear-aesthetics-otoplasty\\\/#breadcrumb\",\"itemListElement\":[{\"@type\":\"ListItem\",\"position\":1,\"name\":\"Accueil\",\"item\":\"https:\\\/\\\/meduluxhealth.com\\\/fr\\\/\"},{\"@type\":\"ListItem\",\"position\":2,\"name\":\"Services M\u00e9dicaux\",\"item\":\"https:\\\/\\\/meduluxhealth.com\\\/fr\\\/medical-services\\\/\"},{\"@type\":\"ListItem\",\"position\":3,\"name\":\"Esth\u00e9tique du Visage et du Cou\",\"item\":\"https:\\\/\\\/meduluxhealth.com\\\/fr\\\/medical-services\\\/face-neck-aesthetics\\\/\"},{\"@type\":\"ListItem\",\"position\":4,\"name\":\"Esth\u00e9tique des Oreilles (Otoplastie)\"}]},{\"@type\":\"WebSite\",\"@id\":\"https:\\\/\\\/meduluxhealth.com\\\/fr\\\/#website\",\"url\":\"https:\\\/\\\/meduluxhealth.com\\\/fr\\\/\",\"name\":\"Medulux Health FR\",\"description\":\"\",\"publisher\":{\"@id\":\"https:\\\/\\\/meduluxhealth.com\\\/fr\\\/#organization\"},\"potentialAction\":[{\"@type\":\"SearchAction\",\"target\":{\"@type\":\"EntryPoint\",\"urlTemplate\":\"https:\\\/\\\/meduluxhealth.com\\\/fr\\\/?s={search_term_string}\"},\"query-input\":{\"@type\":\"PropertyValueSpecification\",\"valueRequired\":true,\"valueName\":\"search_term_string\"}}],\"inLanguage\":\"en-US\"},{\"@type\":\"Organization\",\"@id\":\"https:\\\/\\\/meduluxhealth.com\\\/fr\\\/#organization\",\"name\":\"Medulux Health FR\",\"url\":\"https:\\\/\\\/meduluxhealth.com\\\/fr\\\/\",\"logo\":{\"@type\":\"ImageObject\",\"inLanguage\":\"en-US\",\"@id\":\"https:\\\/\\\/meduluxhealth.com\\\/fr\\\/#\\\/schema\\\/logo\\\/image\\\/\",\"url\":\"https:\\\/\\\/meduluxhealth.com\\\/fr\\\/wp-content\\\/uploads\\\/sites\\\/4\\\/2023\\\/07\\\/cropped-site-logo.png\",\"contentUrl\":\"https:\\\/\\\/meduluxhealth.com\\\/fr\\\/wp-content\\\/uploads\\\/sites\\\/4\\\/2023\\\/07\\\/cropped-site-logo.png\",\"width\":596,\"height\":250,\"caption\":\"Medulux Health FR\"},\"image\":{\"@id\":\"https:\\\/\\\/meduluxhealth.com\\\/fr\\\/#\\\/schema\\\/logo\\\/image\\\/\"},\"sameAs\":[\"https:\\\/\\\/www.facebook.com\\\/meduluxhealth\",\"https:\\\/\\\/www.instagram.com\\\/meduluxhealth\\\/\",\"https:\\\/\\\/www.youtube.com\\\/@meduluxhealth\",\"https:\\\/\\\/www.tiktok.com\\\/@meduluxhealth?_t=8d6XrKIlcQw&_r=1\"]}]}<\/script>\n<!-- \/ Yoast SEO plugin. -->","yoast_head_json":{"title":"Esth\u00e9tique des Oreilles (Otoplastie) - Medulux Health FR","description":"Our ears play a significant role in defining our overall facial appearance. Their size, shape, and alignment with other facial...","robots":{"index":"index","follow":"follow","max-snippet":"max-snippet:-1","max-image-preview":"max-image-preview:large","max-video-preview":"max-video-preview:-1"},"canonical":"https:\/\/meduluxhealth.com\/fr\/medical-services\/face-neck-aesthetics\/ear-aesthetics-otoplasty\/","og_locale":"en_US","og_type":"article","og_title":"Esth\u00e9tique des Oreilles (Otoplastie) - Medulux Health FR","og_description":"Our ears play a significant role in defining our overall facial appearance. Their size, shape, and alignment with other facial...","og_url":"https:\/\/meduluxhealth.com\/fr\/medical-services\/face-neck-aesthetics\/ear-aesthetics-otoplasty\/","og_site_name":"Medulux Health FR","article_publisher":"https:\/\/www.facebook.com\/meduluxhealth","article_modified_time":"2023-09-18T07:17:47+00:00","og_image":[{"width":1920,"height":1280,"url":"https:\/\/meduluxhealth.com\/fr\/wp-content\/uploads\/sites\/4\/2023\/06\/ear-aesthetics.webp","type":"image\/webp"}],"twitter_card":"summary_large_image","twitter_misc":{"Est. reading time":"4 minutes"},"schema":{"@context":"https:\/\/schema.org","@graph":[{"@type":"WebPage","@id":"https:\/\/meduluxhealth.com\/fr\/medical-services\/face-neck-aesthetics\/ear-aesthetics-otoplasty\/","url":"https:\/\/meduluxhealth.com\/fr\/medical-services\/face-neck-aesthetics\/ear-aesthetics-otoplasty\/","name":"Esth\u00e9tique des Oreilles (Otoplastie) - Medulux Health FR","isPartOf":{"@id":"https:\/\/meduluxhealth.com\/fr\/#website"},"primaryImageOfPage":{"@id":"https:\/\/meduluxhealth.com\/fr\/medical-services\/face-neck-aesthetics\/ear-aesthetics-otoplasty\/#primaryimage"},"image":{"@id":"https:\/\/meduluxhealth.com\/fr\/medical-services\/face-neck-aesthetics\/ear-aesthetics-otoplasty\/#primaryimage"},"thumbnailUrl":"https:\/\/meduluxhealth.com\/fr\/wp-content\/uploads\/sites\/4\/2023\/06\/ear-aesthetics.webp","datePublished":"2023-06-13T11:52:46+00:00","dateModified":"2023-09-18T07:17:47+00:00","description":"Our ears play a significant role in defining our overall facial appearance. Their size, shape, and alignment with other facial...","breadcrumb":{"@id":"https:\/\/meduluxhealth.com\/fr\/medical-services\/face-neck-aesthetics\/ear-aesthetics-otoplasty\/#breadcrumb"},"inLanguage":"en-US","potentialAction":[{"@type":"ReadAction","target":["https:\/\/meduluxhealth.com\/fr\/medical-services\/face-neck-aesthetics\/ear-aesthetics-otoplasty\/"]}]},{"@type":"ImageObject","inLanguage":"en-US","@id":"https:\/\/meduluxhealth.com\/fr\/medical-services\/face-neck-aesthetics\/ear-aesthetics-otoplasty\/#primaryimage","url":"https:\/\/meduluxhealth.com\/fr\/wp-content\/uploads\/sites\/4\/2023\/06\/ear-aesthetics.webp","contentUrl":"https:\/\/meduluxhealth.com\/fr\/wp-content\/uploads\/sites\/4\/2023\/06\/ear-aesthetics.webp","width":1920,"height":1280,"caption":"ear-aesthetics"},{"@type":"BreadcrumbList","@id":"https:\/\/meduluxhealth.com\/fr\/medical-services\/face-neck-aesthetics\/ear-aesthetics-otoplasty\/#breadcrumb","itemListElement":[{"@type":"ListItem","position":1,"name":"Accueil","item":"https:\/\/meduluxhealth.com\/fr\/"},{"@type":"ListItem","position":2,"name":"Services M\u00e9dicaux","item":"https:\/\/meduluxhealth.com\/fr\/medical-services\/"},{"@type":"ListItem","position":3,"name":"Esth\u00e9tique du Visage et du Cou","item":"https:\/\/meduluxhealth.com\/fr\/medical-services\/face-neck-aesthetics\/"},{"@type":"ListItem","position":4,"name":"Esth\u00e9tique des Oreilles (Otoplastie)"}]},{"@type":"WebSite","@id":"https:\/\/meduluxhealth.com\/fr\/#website","url":"https:\/\/meduluxhealth.com\/fr\/","name":"Medulux Health FR","description":"","publisher":{"@id":"https:\/\/meduluxhealth.com\/fr\/#organization"},"potentialAction":[{"@type":"SearchAction","target":{"@type":"EntryPoint","urlTemplate":"https:\/\/meduluxhealth.com\/fr\/?s={search_term_string}"},"query-input":{"@type":"PropertyValueSpecification","valueRequired":true,"valueName":"search_term_string"}}],"inLanguage":"en-US"},{"@type":"Organization","@id":"https:\/\/meduluxhealth.com\/fr\/#organization","name":"Medulux Health FR","url":"https:\/\/meduluxhealth.com\/fr\/","logo":{"@type":"ImageObject","inLanguage":"en-US","@id":"https:\/\/meduluxhealth.com\/fr\/#\/schema\/logo\/image\/","url":"https:\/\/meduluxhealth.com\/fr\/wp-content\/uploads\/sites\/4\/2023\/07\/cropped-site-logo.png","contentUrl":"https:\/\/meduluxhealth.com\/fr\/wp-content\/uploads\/sites\/4\/2023\/07\/cropped-site-logo.png","width":596,"height":250,"caption":"Medulux Health FR"},"image":{"@id":"https:\/\/meduluxhealth.com\/fr\/#\/schema\/logo\/image\/"},"sameAs":["https:\/\/www.facebook.com\/meduluxhealth","https:\/\/www.instagram.com\/meduluxhealth\/","https:\/\/www.youtube.com\/@meduluxhealth","https:\/\/www.tiktok.com\/@meduluxhealth?_t=8d6XrKIlcQw&_r=1"]}]}},"_links":{"self":[{"href":"https:\/\/meduluxhealth.com\/fr\/wp-json\/wp\/v2\/pages\/655","targetHints":{"allow":["GET"]}}],"collection":[{"href":"https:\/\/meduluxhealth.com\/fr\/wp-json\/wp\/v2\/pages"}],"about":[{"href":"https:\/\/meduluxhealth.com\/fr\/wp-json\/wp\/v2\/types\/page"}],"author":[{"embeddable":true,"href":"https:\/\/meduluxhealth.com\/fr\/wp-json\/wp\/v2\/users\/1"}],"replies":[{"embeddable":true,"href":"https:\/\/meduluxhealth.com\/fr\/wp-json\/wp\/v2\/comments?post=655"}],"version-history":[{"count":0,"href":"https:\/\/meduluxhealth.com\/fr\/wp-json\/wp\/v2\/pages\/655\/revisions"}],"up":[{"embeddable":true,"href":"https:\/\/meduluxhealth.com\/fr\/wp-json\/wp\/v2\/pages\/595"}],"wp:featuredmedia":[{"embeddable":true,"href":"https:\/\/meduluxhealth.com\/fr\/wp-json\/wp\/v2\/media\/2011"}],"wp:attachment":[{"href":"https:\/\/meduluxhealth.com\/fr\/wp-json\/wp\/v2\/media?parent=655"}],"curies":[{"name":"wp","href":"https:\/\/api.w.org\/{rel}","templated":true}]}}