{"id":738,"date":"2023-06-13T17:08:20","date_gmt":"2023-06-13T14:08:20","guid":{"rendered":"http:\/\/meduluxhealth.com\/fr\/?page_id=738"},"modified":"2023-09-18T11:39:21","modified_gmt":"2023-09-18T08:39:21","slug":"rhinoplasty-nose-aesthetics","status":"publish","type":"page","link":"https:\/\/meduluxhealth.com\/fr\/medical-services\/nose-aesthetics\/rhinoplasty-nose-aesthetics\/","title":{"rendered":"Rhinoplastie (Esth\u00e9tique du Nez)"},"content":{"rendered":"\t\t<div data-elementor-type=\"wp-page\" data-elementor-id=\"738\" class=\"elementor elementor-738\" data-elementor-post-type=\"page\">\n\t\t\t\t\t\t<section class=\"elementor-section elementor-top-section elementor-element elementor-element-158baab elementor-section-boxed elementor-section-height-default elementor-section-height-default\" data-id=\"158baab\" data-element_type=\"section\" data-e-type=\"section\">\n\t\t\t\t\t\t<div class=\"elementor-container elementor-column-gap-default\">\n\t\t\t\t\t<div class=\"elementor-column elementor-col-100 elementor-top-column elementor-element elementor-element-778584b\" data-id=\"778584b\" data-element_type=\"column\" data-e-type=\"column\">\n\t\t\t<div class=\"elementor-widget-wrap elementor-element-populated\">\n\t\t\t\t\t\t<div class=\"elementor-element elementor-element-e1d4254 elementor-widget elementor-widget-text-editor\" data-id=\"e1d4254\" data-element_type=\"widget\" data-e-type=\"widget\" data-widget_type=\"text-editor.default\">\n\t\t\t\t\t\t\t\t\t<p><b>Rhinoplastie : Am\u00e9liorer l&#8217;Harmonie Faciale et la Fonctionnalit\u00e9 par la Remodelage du Nez<\/b><\/p><p><b>Introduction<\/b><\/p><p>La rhinoplastie, couramment appel\u00e9e chirurgie du nez, est une intervention chirurgicale visant \u00e0 am\u00e9liorer l&#8217;apparence et la fonctionnalit\u00e9 du nez. Cette proc\u00e9dure polyvalente peut traiter divers probl\u00e8mes, notamment la taille, la forme, la sym\u00e9trie et la proportion du nez, ainsi que corriger les difficult\u00e9s respiratoires caus\u00e9es par des anomalies structurelles. La rhinoplastie est recherch\u00e9e par des personnes qui souhaitent avoir une apparence faciale plus \u00e9quilibr\u00e9e et harmonieuse ou qui souhaitent corriger des d\u00e9formations nasales cong\u00e9nitales ou acquises. Cet article explore les diff\u00e9rents aspects de la rhinoplastie, y compris la proc\u00e9dure, le processus de r\u00e9cup\u00e9ration, les risques potentiels et les r\u00e9sultats attendus.<\/p><p><b>La Proc\u00e9dure de Rhinoplastie<\/b><\/p><p>La rhinoplastie peut \u00eatre r\u00e9alis\u00e9e \u00e0 l&#8217;aide d&#8217;une technique ouverte ou ferm\u00e9e, en fonction des objectifs sp\u00e9cifiques et des besoins du patient. Lors d&#8217;une rhinoplastie ouverte, une incision est pratiqu\u00e9e \u00e0 travers la columelle (la fine bande de tissu entre les narines), ce qui permet une meilleure visibilit\u00e9 et un meilleur acc\u00e8s aux structures nasales. Dans une rhinoplastie ferm\u00e9e, les incisions sont pratiqu\u00e9es \u00e0 l&#8217;int\u00e9rieur des narines, ne laissant aucune cicatrice visible \u00e0 l&#8217;ext\u00e9rieur. \u00c0 travers ces incisions, le chirurgien peut remodeler l&#8217;os, le cartilage et les tissus mous du nez pour obtenir le r\u00e9sultat souhait\u00e9. L&#8217;intervention est g\u00e9n\u00e9ralement r\u00e9alis\u00e9e sous anesth\u00e9sie g\u00e9n\u00e9rale pour assurer le confort du patient tout au long de la proc\u00e9dure.<\/p><p><b>Processus de R\u00e9cup\u00e9ration<\/b><\/p><p>Apr\u00e8s une rhinoplastie, les patients peuvent s&#8217;attendre \u00e0 un certain gonflement, des ecchymoses et des douleurs autour du nez et des yeux. Un m\u00e9dicament contre la douleur peut \u00eatre prescrit pour g\u00e9rer la douleur post-op\u00e9ratoire. Le chirurgien peut appliquer une attelle ou un tampon nasal pour fournir un soutien et prot\u00e9ger les nouvelles structures remodel\u00e9es. Il est important de suivre les instructions post-op\u00e9ratoires du chirurgien en ce qui concerne les soins de la plaie, les m\u00e9dicaments et les limitations d&#8217;activit\u00e9 physique. Le gonflement et les ecchymoses diminueront progressivement avec le temps, et les r\u00e9sultats d\u00e9finitifs de l&#8217;intervention deviendront plus apparents \u00e0 mesure que le nez gu\u00e9rit et prend sa nouvelle forme. Il est essentiel de faire preuve de patience pendant le processus de r\u00e9cup\u00e9ration, car il peut falloir plusieurs mois \u00e0 un an pour obtenir une gu\u00e9rison compl\u00e8te et des r\u00e9sultats d\u00e9finitifs.<\/p><p><b>Risques Potentiels<\/b><\/p><p>Comme pour toute intervention chirurgicale, la rhinoplastie comporte des risques potentiels et des complications. Celles-ci peuvent inclure une infection, des saignements, des cicatrices, des changements de sensation, une asym\u00e9trie nasale, une obstruction nasale ou la n\u00e9cessit\u00e9 d&#8217;une chirurgie de r\u00e9vision. Le choix d&#8217;un chirurgien plasticien comp\u00e9tent et exp\u00e9riment\u00e9 est essentiel pour minimiser ces risques. Les chirurgiens doivent discuter en d\u00e9tail des risques potentiels et aider les patients \u00e0 avoir des attentes r\u00e9alistes concernant les r\u00e9sultats de l&#8217;intervention.<\/p><p><b>R\u00e9sultats Attendus<\/b><\/p><p>Les objectifs principaux de la rhinoplastie sont d&#8217;am\u00e9liorer l&#8217;harmonie faciale, d&#8217;am\u00e9liorer l&#8217;apparence esth\u00e9tique du nez et de corriger les probl\u00e8mes respiratoires s&#8217;ils sont pr\u00e9sents. Les r\u00e9sultats sp\u00e9cifiques varieront en fonction des objectifs individuels, de l&#8217;anatomie nasale et de l&#8217;expertise du chirurgien. La rhinoplastie peut permettre d&#8217;obtenir une forme nasale plus \u00e9quilibr\u00e9e et proportionn\u00e9e, d&#8217;am\u00e9liorer la sym\u00e9trie nasale, de affiner la pointe du nez et de corriger les bosses ou les creux nasaux. En plus des am\u00e9liorations esth\u00e9tiques, la rhinoplastie peut \u00e9galement corriger les probl\u00e8mes respiratoires caus\u00e9s par des anomalies structurelles telles qu&#8217;une cloison nasale d\u00e9vi\u00e9e. Les r\u00e9sultats finaux de la rhinoplastie peuvent avoir un effet transformateur sur l&#8217;apparence faciale globale d&#8217;une personne, renforcer la confiance en soi et am\u00e9liorer l&#8217;harmonie faciale.<\/p><p><b>Conclusion<\/b><\/p><p>La rhinoplastie est une intervention chirurgicale polyvalente qui peut am\u00e9liorer l&#8217;apparence et la fonctionnalit\u00e9 du nez. En remodelant les structures nasales, la rhinoplastie peut am\u00e9liorer l&#8217;harmonie faciale, traiter les probl\u00e8mes esth\u00e9tiques et corriger les difficult\u00e9s respiratoires. Comprendre la proc\u00e9dure, le processus de r\u00e9cup\u00e9ration, les risques potentiels et les r\u00e9sultats attendus est essentiel lors de la consid\u00e9ration de la rhinoplastie. La consultation avec un chirurgien plasticien qualifi\u00e9 est essentielle pour \u00e9valuer la pertinence individuelle, discuter des attentes et garantir un r\u00e9sultat r\u00e9ussi. Avec la rhinoplastie, les individus peuvent obtenir une forme nasale plus \u00e9quilibr\u00e9e et proportionn\u00e9e, am\u00e9liorer leurs traits du visage et retrouver confiance en eux.<\/p>\t\t\t\t\t\t\t\t<\/div>\n\t\t\t\t\t<\/div>\n\t\t<\/div>\n\t\t\t\t\t<\/div>\n\t\t<\/section>\n\t\t\t\t<\/div>\n\t\t","protected":false},"excerpt":{"rendered":"<p>Rhinoplastie : Am\u00e9liorer l&#8217;Harmonie Faciale et la Fonctionnalit\u00e9 par la Remodelage du Nez Introduction La rhinoplastie, couramment appel\u00e9e chirurgie du nez, est une intervention chirurgicale visant \u00e0 am\u00e9liorer l&#8217;apparence et la fonctionnalit\u00e9 du nez. Cette proc\u00e9dure polyvalente peut traiter divers probl\u00e8mes, notamment la taille, la forme, la sym\u00e9trie et la proportion du nez, ainsi que [&hellip;]<\/p>\n","protected":false},"author":1,"featured_media":2153,"parent":602,"menu_order":0,"comment_status":"closed","ping_status":"closed","template":"","meta":{"footnotes":""},"class_list":["post-738","page","type-page","status-publish","has-post-thumbnail","hentry"],"yoast_head":"<!-- This site is optimized with the Yoast SEO plugin v27.4 - https:\/\/yoast.com\/product\/yoast-seo-wordpress\/ -->\n<title>Rhinoplastie (Esth\u00e9tique du Nez) - Medulux Health FR<\/title>\n<meta name=\"description\" content=\"Rhinoplasty, commonly referred to as a nose job, is a surgical procedure that aims to improve the appearance and functionality of the nose...\" \/>\n<meta name=\"robots\" content=\"index, follow, max-snippet:-1, max-image-preview:large, max-video-preview:-1\" \/>\n<link rel=\"canonical\" href=\"https:\/\/meduluxhealth.com\/fr\/medical-services\/nose-aesthetics\/rhinoplasty-nose-aesthetics\/\" \/>\n<meta property=\"og:locale\" content=\"en_US\" \/>\n<meta property=\"og:type\" content=\"article\" \/>\n<meta property=\"og:title\" content=\"Rhinoplastie (Esth\u00e9tique du Nez) - Medulux Health FR\" \/>\n<meta property=\"og:description\" content=\"Rhinoplasty, commonly referred to as a nose job, is a surgical procedure that aims to improve the appearance and functionality of the nose...\" \/>\n<meta property=\"og:url\" content=\"https:\/\/meduluxhealth.com\/fr\/medical-services\/nose-aesthetics\/rhinoplasty-nose-aesthetics\/\" \/>\n<meta property=\"og:site_name\" content=\"Medulux Health FR\" \/>\n<meta property=\"article:publisher\" content=\"https:\/\/www.facebook.com\/meduluxhealth\" \/>\n<meta property=\"article:modified_time\" content=\"2023-09-18T08:39:21+00:00\" \/>\n<meta property=\"og:image\" content=\"https:\/\/meduluxhealth.com\/fr\/wp-content\/uploads\/sites\/4\/2023\/06\/rhinoplasty.webp\" \/>\n\t<meta property=\"og:image:width\" content=\"1920\" \/>\n\t<meta property=\"og:image:height\" content=\"1280\" \/>\n\t<meta property=\"og:image:type\" content=\"image\/webp\" \/>\n<meta name=\"twitter:card\" content=\"summary_large_image\" \/>\n<meta name=\"twitter:label1\" content=\"Est. reading time\" \/>\n\t<meta name=\"twitter:data1\" content=\"5 minutes\" \/>\n<script type=\"application\/ld+json\" class=\"yoast-schema-graph\">{\"@context\":\"https:\\\/\\\/schema.org\",\"@graph\":[{\"@type\":\"WebPage\",\"@id\":\"https:\\\/\\\/meduluxhealth.com\\\/fr\\\/medical-services\\\/nose-aesthetics\\\/rhinoplasty-nose-aesthetics\\\/\",\"url\":\"https:\\\/\\\/meduluxhealth.com\\\/fr\\\/medical-services\\\/nose-aesthetics\\\/rhinoplasty-nose-aesthetics\\\/\",\"name\":\"Rhinoplastie (Esth\u00e9tique du Nez) - Medulux Health FR\",\"isPartOf\":{\"@id\":\"https:\\\/\\\/meduluxhealth.com\\\/fr\\\/#website\"},\"primaryImageOfPage\":{\"@id\":\"https:\\\/\\\/meduluxhealth.com\\\/fr\\\/medical-services\\\/nose-aesthetics\\\/rhinoplasty-nose-aesthetics\\\/#primaryimage\"},\"image\":{\"@id\":\"https:\\\/\\\/meduluxhealth.com\\\/fr\\\/medical-services\\\/nose-aesthetics\\\/rhinoplasty-nose-aesthetics\\\/#primaryimage\"},\"thumbnailUrl\":\"https:\\\/\\\/meduluxhealth.com\\\/fr\\\/wp-content\\\/uploads\\\/sites\\\/4\\\/2023\\\/06\\\/rhinoplasty.webp\",\"datePublished\":\"2023-06-13T14:08:20+00:00\",\"dateModified\":\"2023-09-18T08:39:21+00:00\",\"description\":\"Rhinoplasty, commonly referred to as a nose job, is a surgical procedure that aims to improve the appearance and functionality of the nose...\",\"breadcrumb\":{\"@id\":\"https:\\\/\\\/meduluxhealth.com\\\/fr\\\/medical-services\\\/nose-aesthetics\\\/rhinoplasty-nose-aesthetics\\\/#breadcrumb\"},\"inLanguage\":\"en-US\",\"potentialAction\":[{\"@type\":\"ReadAction\",\"target\":[\"https:\\\/\\\/meduluxhealth.com\\\/fr\\\/medical-services\\\/nose-aesthetics\\\/rhinoplasty-nose-aesthetics\\\/\"]}]},{\"@type\":\"ImageObject\",\"inLanguage\":\"en-US\",\"@id\":\"https:\\\/\\\/meduluxhealth.com\\\/fr\\\/medical-services\\\/nose-aesthetics\\\/rhinoplasty-nose-aesthetics\\\/#primaryimage\",\"url\":\"https:\\\/\\\/meduluxhealth.com\\\/fr\\\/wp-content\\\/uploads\\\/sites\\\/4\\\/2023\\\/06\\\/rhinoplasty.webp\",\"contentUrl\":\"https:\\\/\\\/meduluxhealth.com\\\/fr\\\/wp-content\\\/uploads\\\/sites\\\/4\\\/2023\\\/06\\\/rhinoplasty.webp\",\"width\":1920,\"height\":1280,\"caption\":\"rhinoplasty\"},{\"@type\":\"BreadcrumbList\",\"@id\":\"https:\\\/\\\/meduluxhealth.com\\\/fr\\\/medical-services\\\/nose-aesthetics\\\/rhinoplasty-nose-aesthetics\\\/#breadcrumb\",\"itemListElement\":[{\"@type\":\"ListItem\",\"position\":1,\"name\":\"Accueil\",\"item\":\"https:\\\/\\\/meduluxhealth.com\\\/fr\\\/\"},{\"@type\":\"ListItem\",\"position\":2,\"name\":\"Services M\u00e9dicaux\",\"item\":\"https:\\\/\\\/meduluxhealth.com\\\/fr\\\/medical-services\\\/\"},{\"@type\":\"ListItem\",\"position\":3,\"name\":\"Chirurgie esth\u00e9tique du nez\",\"item\":\"https:\\\/\\\/meduluxhealth.com\\\/fr\\\/medical-services\\\/nose-aesthetics\\\/\"},{\"@type\":\"ListItem\",\"position\":4,\"name\":\"Rhinoplastie (Esth\u00e9tique du Nez)\"}]},{\"@type\":\"WebSite\",\"@id\":\"https:\\\/\\\/meduluxhealth.com\\\/fr\\\/#website\",\"url\":\"https:\\\/\\\/meduluxhealth.com\\\/fr\\\/\",\"name\":\"Medulux Health FR\",\"description\":\"\",\"publisher\":{\"@id\":\"https:\\\/\\\/meduluxhealth.com\\\/fr\\\/#organization\"},\"potentialAction\":[{\"@type\":\"SearchAction\",\"target\":{\"@type\":\"EntryPoint\",\"urlTemplate\":\"https:\\\/\\\/meduluxhealth.com\\\/fr\\\/?s={search_term_string}\"},\"query-input\":{\"@type\":\"PropertyValueSpecification\",\"valueRequired\":true,\"valueName\":\"search_term_string\"}}],\"inLanguage\":\"en-US\"},{\"@type\":\"Organization\",\"@id\":\"https:\\\/\\\/meduluxhealth.com\\\/fr\\\/#organization\",\"name\":\"Medulux Health FR\",\"url\":\"https:\\\/\\\/meduluxhealth.com\\\/fr\\\/\",\"logo\":{\"@type\":\"ImageObject\",\"inLanguage\":\"en-US\",\"@id\":\"https:\\\/\\\/meduluxhealth.com\\\/fr\\\/#\\\/schema\\\/logo\\\/image\\\/\",\"url\":\"https:\\\/\\\/meduluxhealth.com\\\/fr\\\/wp-content\\\/uploads\\\/sites\\\/4\\\/2023\\\/07\\\/cropped-site-logo.png\",\"contentUrl\":\"https:\\\/\\\/meduluxhealth.com\\\/fr\\\/wp-content\\\/uploads\\\/sites\\\/4\\\/2023\\\/07\\\/cropped-site-logo.png\",\"width\":596,\"height\":250,\"caption\":\"Medulux Health FR\"},\"image\":{\"@id\":\"https:\\\/\\\/meduluxhealth.com\\\/fr\\\/#\\\/schema\\\/logo\\\/image\\\/\"},\"sameAs\":[\"https:\\\/\\\/www.facebook.com\\\/meduluxhealth\",\"https:\\\/\\\/www.instagram.com\\\/meduluxhealth\\\/\",\"https:\\\/\\\/www.youtube.com\\\/@meduluxhealth\",\"https:\\\/\\\/www.tiktok.com\\\/@meduluxhealth?_t=8d6XrKIlcQw&_r=1\"]}]}<\/script>\n<!-- \/ Yoast SEO plugin. -->","yoast_head_json":{"title":"Rhinoplastie (Esth\u00e9tique du Nez) - Medulux Health FR","description":"Rhinoplasty, commonly referred to as a nose job, is a surgical procedure that aims to improve the appearance and functionality of the nose...","robots":{"index":"index","follow":"follow","max-snippet":"max-snippet:-1","max-image-preview":"max-image-preview:large","max-video-preview":"max-video-preview:-1"},"canonical":"https:\/\/meduluxhealth.com\/fr\/medical-services\/nose-aesthetics\/rhinoplasty-nose-aesthetics\/","og_locale":"en_US","og_type":"article","og_title":"Rhinoplastie (Esth\u00e9tique du Nez) - Medulux Health FR","og_description":"Rhinoplasty, commonly referred to as a nose job, is a surgical procedure that aims to improve the appearance and functionality of the nose...","og_url":"https:\/\/meduluxhealth.com\/fr\/medical-services\/nose-aesthetics\/rhinoplasty-nose-aesthetics\/","og_site_name":"Medulux Health FR","article_publisher":"https:\/\/www.facebook.com\/meduluxhealth","article_modified_time":"2023-09-18T08:39:21+00:00","og_image":[{"width":1920,"height":1280,"url":"https:\/\/meduluxhealth.com\/fr\/wp-content\/uploads\/sites\/4\/2023\/06\/rhinoplasty.webp","type":"image\/webp"}],"twitter_card":"summary_large_image","twitter_misc":{"Est. reading time":"5 minutes"},"schema":{"@context":"https:\/\/schema.org","@graph":[{"@type":"WebPage","@id":"https:\/\/meduluxhealth.com\/fr\/medical-services\/nose-aesthetics\/rhinoplasty-nose-aesthetics\/","url":"https:\/\/meduluxhealth.com\/fr\/medical-services\/nose-aesthetics\/rhinoplasty-nose-aesthetics\/","name":"Rhinoplastie (Esth\u00e9tique du Nez) - Medulux Health FR","isPartOf":{"@id":"https:\/\/meduluxhealth.com\/fr\/#website"},"primaryImageOfPage":{"@id":"https:\/\/meduluxhealth.com\/fr\/medical-services\/nose-aesthetics\/rhinoplasty-nose-aesthetics\/#primaryimage"},"image":{"@id":"https:\/\/meduluxhealth.com\/fr\/medical-services\/nose-aesthetics\/rhinoplasty-nose-aesthetics\/#primaryimage"},"thumbnailUrl":"https:\/\/meduluxhealth.com\/fr\/wp-content\/uploads\/sites\/4\/2023\/06\/rhinoplasty.webp","datePublished":"2023-06-13T14:08:20+00:00","dateModified":"2023-09-18T08:39:21+00:00","description":"Rhinoplasty, commonly referred to as a nose job, is a surgical procedure that aims to improve the appearance and functionality of the nose...","breadcrumb":{"@id":"https:\/\/meduluxhealth.com\/fr\/medical-services\/nose-aesthetics\/rhinoplasty-nose-aesthetics\/#breadcrumb"},"inLanguage":"en-US","potentialAction":[{"@type":"ReadAction","target":["https:\/\/meduluxhealth.com\/fr\/medical-services\/nose-aesthetics\/rhinoplasty-nose-aesthetics\/"]}]},{"@type":"ImageObject","inLanguage":"en-US","@id":"https:\/\/meduluxhealth.com\/fr\/medical-services\/nose-aesthetics\/rhinoplasty-nose-aesthetics\/#primaryimage","url":"https:\/\/meduluxhealth.com\/fr\/wp-content\/uploads\/sites\/4\/2023\/06\/rhinoplasty.webp","contentUrl":"https:\/\/meduluxhealth.com\/fr\/wp-content\/uploads\/sites\/4\/2023\/06\/rhinoplasty.webp","width":1920,"height":1280,"caption":"rhinoplasty"},{"@type":"BreadcrumbList","@id":"https:\/\/meduluxhealth.com\/fr\/medical-services\/nose-aesthetics\/rhinoplasty-nose-aesthetics\/#breadcrumb","itemListElement":[{"@type":"ListItem","position":1,"name":"Accueil","item":"https:\/\/meduluxhealth.com\/fr\/"},{"@type":"ListItem","position":2,"name":"Services M\u00e9dicaux","item":"https:\/\/meduluxhealth.com\/fr\/medical-services\/"},{"@type":"ListItem","position":3,"name":"Chirurgie esth\u00e9tique du nez","item":"https:\/\/meduluxhealth.com\/fr\/medical-services\/nose-aesthetics\/"},{"@type":"ListItem","position":4,"name":"Rhinoplastie (Esth\u00e9tique du Nez)"}]},{"@type":"WebSite","@id":"https:\/\/meduluxhealth.com\/fr\/#website","url":"https:\/\/meduluxhealth.com\/fr\/","name":"Medulux Health FR","description":"","publisher":{"@id":"https:\/\/meduluxhealth.com\/fr\/#organization"},"potentialAction":[{"@type":"SearchAction","target":{"@type":"EntryPoint","urlTemplate":"https:\/\/meduluxhealth.com\/fr\/?s={search_term_string}"},"query-input":{"@type":"PropertyValueSpecification","valueRequired":true,"valueName":"search_term_string"}}],"inLanguage":"en-US"},{"@type":"Organization","@id":"https:\/\/meduluxhealth.com\/fr\/#organization","name":"Medulux Health FR","url":"https:\/\/meduluxhealth.com\/fr\/","logo":{"@type":"ImageObject","inLanguage":"en-US","@id":"https:\/\/meduluxhealth.com\/fr\/#\/schema\/logo\/image\/","url":"https:\/\/meduluxhealth.com\/fr\/wp-content\/uploads\/sites\/4\/2023\/07\/cropped-site-logo.png","contentUrl":"https:\/\/meduluxhealth.com\/fr\/wp-content\/uploads\/sites\/4\/2023\/07\/cropped-site-logo.png","width":596,"height":250,"caption":"Medulux Health FR"},"image":{"@id":"https:\/\/meduluxhealth.com\/fr\/#\/schema\/logo\/image\/"},"sameAs":["https:\/\/www.facebook.com\/meduluxhealth","https:\/\/www.instagram.com\/meduluxhealth\/","https:\/\/www.youtube.com\/@meduluxhealth","https:\/\/www.tiktok.com\/@meduluxhealth?_t=8d6XrKIlcQw&_r=1"]}]}},"_links":{"self":[{"href":"https:\/\/meduluxhealth.com\/fr\/wp-json\/wp\/v2\/pages\/738","targetHints":{"allow":["GET"]}}],"collection":[{"href":"https:\/\/meduluxhealth.com\/fr\/wp-json\/wp\/v2\/pages"}],"about":[{"href":"https:\/\/meduluxhealth.com\/fr\/wp-json\/wp\/v2\/types\/page"}],"author":[{"embeddable":true,"href":"https:\/\/meduluxhealth.com\/fr\/wp-json\/wp\/v2\/users\/1"}],"replies":[{"embeddable":true,"href":"https:\/\/meduluxhealth.com\/fr\/wp-json\/wp\/v2\/comments?post=738"}],"version-history":[{"count":0,"href":"https:\/\/meduluxhealth.com\/fr\/wp-json\/wp\/v2\/pages\/738\/revisions"}],"up":[{"embeddable":true,"href":"https:\/\/meduluxhealth.com\/fr\/wp-json\/wp\/v2\/pages\/602"}],"wp:featuredmedia":[{"embeddable":true,"href":"https:\/\/meduluxhealth.com\/fr\/wp-json\/wp\/v2\/media\/2153"}],"wp:attachment":[{"href":"https:\/\/meduluxhealth.com\/fr\/wp-json\/wp\/v2\/media?parent=738"}],"curies":[{"name":"wp","href":"https:\/\/api.w.org\/{rel}","templated":true}]}}